{"id":1750,"date":"2020-05-25T10:49:11","date_gmt":"2020-05-25T08:49:11","guid":{"rendered":"https:\/\/filtertechnik.sk\/produkt\/supradisk\/"},"modified":"2021-10-22T15:39:38","modified_gmt":"2021-10-22T13:39:38","slug":"supradisk","status":"publish","type":"product","link":"https:\/\/filtertechnik.sk\/en\/produkt\/supradisk\/","title":{"rendered":"SUPRAdisk"},"content":{"rendered":"<h4><span style=\"color: #008080;\">Filter housing<\/span><\/h4>\n<p><strong>Max. pracovn\u00fd tlak:<\/strong> 0 \u2013 4 bar (0 \u2013 58 psi)<br \/>\n<strong>Teplota:<\/strong> -43\u00b0C a\u017e 60\u00b0C (tesnenia z nitrilu)<br \/>\n<strong>Vstup \/ v\u00fdstup pripojenie:<\/strong> 2\u201c BSP (vonkaj\u0161ie z\u00e1vity)<br \/>\n<strong>Materi\u00e1l kon\u0161trukcie:<\/strong> SS 316L<br \/>\n<strong>Kompatibilita s tekutinami:<\/strong> je kompatibiln\u00fd so v\u0161etk\u00fdmi tekutinami na b\u00e1ze ropy a v\u00e4\u010d\u0161inou syntetick\u00e9 hydraulick\u00e9 a mazacie kvapaliny<\/p>\n<p>&nbsp;<\/p>\n<h4><span style=\"color: #008080;\">Filter modul<\/span><\/h4>\n<p><strong>SUPRAdisk II modul:<\/strong> 12\u201c priemer<br \/>\n<strong>Max. prev\u00e1dzkov\u00fd dif.tlak:<\/strong> 2,4 bard (35psid)<br \/>\n<strong>Materi\u00e1l kon\u0161trukcie:<\/strong><br \/>\n&#8211; m\u00e9dium: papier, kremelina a \/ alebo perlit a syntetick\u00e9 polym\u00e9ry<br \/>\n&#8211; hardware: polypropyl\u00e9n<br \/>\n&#8211; tesnenia: flu\u00f3rouhl\u00edk<\/p>\n","protected":false},"excerpt":{"rendered":"<p>SUPRAdisk filtration modules provide a cost-effective solution for off-line filtration, for heavily contaminated hydraulic and lubricating fluids. They feature an innovative design with a double separator concept, where the filter medium and separators are stacked on a central core and compressed to create a stable, high-strength unit.<\/p>\n","protected":false},"featured_media":1248,"template":"","meta":[],"product_brand":[],"product_cat":[159],"product_tag":[],"class_list":{"0":"post-1750","1":"product","2":"type-product","3":"status-publish","4":"has-post-thumbnail","6":"product_cat-disc","8":"first","9":"instock","10":"shipping-taxable","11":"product-type-simple"},"yoast_head":"<!-- This site is optimized with the Yoast SEO plugin v25.7 - https:\/\/yoast.com\/wordpress\/plugins\/seo\/ -->\n<title>SUPRAdisk &#8226; Filter Technik Slovakia<\/title>\n<meta name=\"robots\" content=\"index, follow, max-snippet:-1, max-image-preview:large, max-video-preview:-1\" \/>\n<link rel=\"canonical\" href=\"https:\/\/filtertechnik.sk\/en\/produkt\/supradisk\/\" \/>\n<meta property=\"og:locale\" content=\"en_US\" \/>\n<meta property=\"og:type\" content=\"article\" \/>\n<meta property=\"og:title\" content=\"SUPRAdisk &#8226; Filter Technik Slovakia\" \/>\n<meta property=\"og:description\" content=\"SUPRAdisk filtration modules provide a cost-effective solution for off-line filtration, for heavily contaminated hydraulic and lubricating fluids. They feature an innovative design with a double separator concept, where the filter medium and separators are stacked on a central core and compressed to create a stable, high-strength unit.\" \/>\n<meta property=\"og:url\" content=\"https:\/\/filtertechnik.sk\/en\/produkt\/supradisk\/\" \/>\n<meta property=\"og:site_name\" content=\"Filter Technik Slovakia\" \/>\n<meta property=\"article:modified_time\" content=\"2021-10-22T13:39:38+00:00\" \/>\n<meta property=\"og:image\" content=\"https:\/\/filtertechnik.sk\/wp-content\/uploads\/2020\/05\/supradisk.jpg\" \/>\n\t<meta property=\"og:image:width\" content=\"939\" \/>\n\t<meta property=\"og:image:height\" content=\"939\" \/>\n\t<meta property=\"og:image:type\" content=\"image\/jpeg\" \/>\n<meta name=\"twitter:card\" content=\"summary_large_image\" \/>\n<script type=\"application\/ld+json\" class=\"yoast-schema-graph\">{\"@context\":\"https:\/\/schema.org\",\"@graph\":[{\"@type\":\"WebPage\",\"@id\":\"https:\/\/filtertechnik.sk\/en\/produkt\/supradisk\/\",\"url\":\"https:\/\/filtertechnik.sk\/en\/produkt\/supradisk\/\",\"name\":\"SUPRAdisk &#8226; Filter Technik Slovakia\",\"isPartOf\":{\"@id\":\"https:\/\/filtertechnik.sk\/en\/#website\"},\"primaryImageOfPage\":{\"@id\":\"https:\/\/filtertechnik.sk\/en\/produkt\/supradisk\/#primaryimage\"},\"image\":{\"@id\":\"https:\/\/filtertechnik.sk\/en\/produkt\/supradisk\/#primaryimage\"},\"thumbnailUrl\":\"https:\/\/filtertechnik.sk\/wp-content\/uploads\/2020\/05\/supradisk.jpg\",\"datePublished\":\"2020-05-25T08:49:11+00:00\",\"dateModified\":\"2021-10-22T13:39:38+00:00\",\"breadcrumb\":{\"@id\":\"https:\/\/filtertechnik.sk\/en\/produkt\/supradisk\/#breadcrumb\"},\"inLanguage\":\"en-US\",\"potentialAction\":[{\"@type\":\"ReadAction\",\"target\":[\"https:\/\/filtertechnik.sk\/en\/produkt\/supradisk\/\"]}]},{\"@type\":\"ImageObject\",\"inLanguage\":\"en-US\",\"@id\":\"https:\/\/filtertechnik.sk\/en\/produkt\/supradisk\/#primaryimage\",\"url\":\"https:\/\/filtertechnik.sk\/wp-content\/uploads\/2020\/05\/supradisk.jpg\",\"contentUrl\":\"https:\/\/filtertechnik.sk\/wp-content\/uploads\/2020\/05\/supradisk.jpg\",\"width\":939,\"height\":939},{\"@type\":\"BreadcrumbList\",\"@id\":\"https:\/\/filtertechnik.sk\/en\/produkt\/supradisk\/#breadcrumb\",\"itemListElement\":[{\"@type\":\"ListItem\",\"position\":1,\"name\":\"Home\",\"item\":\"https:\/\/filtertechnik.sk\/en\/\"},{\"@type\":\"ListItem\",\"position\":2,\"name\":\"Produkt\",\"item\":\"https:\/\/filtertechnik.sk\/produkty\/produkt\/\"},{\"@type\":\"ListItem\",\"position\":3,\"name\":\"SUPRAdisk\"}]},{\"@type\":\"WebSite\",\"@id\":\"https:\/\/filtertechnik.sk\/en\/#website\",\"url\":\"https:\/\/filtertechnik.sk\/en\/\",\"name\":\"Filter Technik Slovakia\",\"description\":\"Va\u0161i \u0161pecialisti na filtre, filtr\u00e1ciu a diagnostiku olejov\",\"publisher\":{\"@id\":\"https:\/\/filtertechnik.sk\/en\/#organization\"},\"potentialAction\":[{\"@type\":\"SearchAction\",\"target\":{\"@type\":\"EntryPoint\",\"urlTemplate\":\"https:\/\/filtertechnik.sk\/en\/?s={search_term_string}\"},\"query-input\":{\"@type\":\"PropertyValueSpecification\",\"valueRequired\":true,\"valueName\":\"search_term_string\"}}],\"inLanguage\":\"en-US\"},{\"@type\":\"Organization\",\"@id\":\"https:\/\/filtertechnik.sk\/en\/#organization\",\"name\":\"Filter Technik Slovakia\",\"url\":\"https:\/\/filtertechnik.sk\/en\/\",\"logo\":{\"@type\":\"ImageObject\",\"inLanguage\":\"en-US\",\"@id\":\"https:\/\/filtertechnik.sk\/en\/#\/schema\/logo\/image\/\",\"url\":\"https:\/\/filtertechnik.sk\/wp-content\/uploads\/2019\/09\/fts-icon-180x180.png\",\"contentUrl\":\"https:\/\/filtertechnik.sk\/wp-content\/uploads\/2019\/09\/fts-icon-180x180.png\",\"width\":180,\"height\":180,\"caption\":\"Filter Technik Slovakia\"},\"image\":{\"@id\":\"https:\/\/filtertechnik.sk\/en\/#\/schema\/logo\/image\/\"}}]}<\/script>\n<!-- \/ Yoast SEO plugin. -->","yoast_head_json":{"title":"SUPRAdisk &#8226; Filter Technik Slovakia","robots":{"index":"index","follow":"follow","max-snippet":"max-snippet:-1","max-image-preview":"max-image-preview:large","max-video-preview":"max-video-preview:-1"},"canonical":"https:\/\/filtertechnik.sk\/en\/produkt\/supradisk\/","og_locale":"en_US","og_type":"article","og_title":"SUPRAdisk &#8226; Filter Technik Slovakia","og_description":"SUPRAdisk filtration modules provide a cost-effective solution for off-line filtration, for heavily contaminated hydraulic and lubricating fluids. They feature an innovative design with a double separator concept, where the filter medium and separators are stacked on a central core and compressed to create a stable, high-strength unit.","og_url":"https:\/\/filtertechnik.sk\/en\/produkt\/supradisk\/","og_site_name":"Filter Technik Slovakia","article_modified_time":"2021-10-22T13:39:38+00:00","og_image":[{"width":939,"height":939,"url":"https:\/\/filtertechnik.sk\/wp-content\/uploads\/2020\/05\/supradisk.jpg","type":"image\/jpeg"}],"twitter_card":"summary_large_image","schema":{"@context":"https:\/\/schema.org","@graph":[{"@type":"WebPage","@id":"https:\/\/filtertechnik.sk\/en\/produkt\/supradisk\/","url":"https:\/\/filtertechnik.sk\/en\/produkt\/supradisk\/","name":"SUPRAdisk &#8226; Filter Technik Slovakia","isPartOf":{"@id":"https:\/\/filtertechnik.sk\/en\/#website"},"primaryImageOfPage":{"@id":"https:\/\/filtertechnik.sk\/en\/produkt\/supradisk\/#primaryimage"},"image":{"@id":"https:\/\/filtertechnik.sk\/en\/produkt\/supradisk\/#primaryimage"},"thumbnailUrl":"https:\/\/filtertechnik.sk\/wp-content\/uploads\/2020\/05\/supradisk.jpg","datePublished":"2020-05-25T08:49:11+00:00","dateModified":"2021-10-22T13:39:38+00:00","breadcrumb":{"@id":"https:\/\/filtertechnik.sk\/en\/produkt\/supradisk\/#breadcrumb"},"inLanguage":"en-US","potentialAction":[{"@type":"ReadAction","target":["https:\/\/filtertechnik.sk\/en\/produkt\/supradisk\/"]}]},{"@type":"ImageObject","inLanguage":"en-US","@id":"https:\/\/filtertechnik.sk\/en\/produkt\/supradisk\/#primaryimage","url":"https:\/\/filtertechnik.sk\/wp-content\/uploads\/2020\/05\/supradisk.jpg","contentUrl":"https:\/\/filtertechnik.sk\/wp-content\/uploads\/2020\/05\/supradisk.jpg","width":939,"height":939},{"@type":"BreadcrumbList","@id":"https:\/\/filtertechnik.sk\/en\/produkt\/supradisk\/#breadcrumb","itemListElement":[{"@type":"ListItem","position":1,"name":"Home","item":"https:\/\/filtertechnik.sk\/en\/"},{"@type":"ListItem","position":2,"name":"Produkt","item":"https:\/\/filtertechnik.sk\/produkty\/produkt\/"},{"@type":"ListItem","position":3,"name":"SUPRAdisk"}]},{"@type":"WebSite","@id":"https:\/\/filtertechnik.sk\/en\/#website","url":"https:\/\/filtertechnik.sk\/en\/","name":"Filter Technik Slovakia","description":"Va\u0161i \u0161pecialisti na filtre, filtr\u00e1ciu a diagnostiku olejov","publisher":{"@id":"https:\/\/filtertechnik.sk\/en\/#organization"},"potentialAction":[{"@type":"SearchAction","target":{"@type":"EntryPoint","urlTemplate":"https:\/\/filtertechnik.sk\/en\/?s={search_term_string}"},"query-input":{"@type":"PropertyValueSpecification","valueRequired":true,"valueName":"search_term_string"}}],"inLanguage":"en-US"},{"@type":"Organization","@id":"https:\/\/filtertechnik.sk\/en\/#organization","name":"Filter Technik Slovakia","url":"https:\/\/filtertechnik.sk\/en\/","logo":{"@type":"ImageObject","inLanguage":"en-US","@id":"https:\/\/filtertechnik.sk\/en\/#\/schema\/logo\/image\/","url":"https:\/\/filtertechnik.sk\/wp-content\/uploads\/2019\/09\/fts-icon-180x180.png","contentUrl":"https:\/\/filtertechnik.sk\/wp-content\/uploads\/2019\/09\/fts-icon-180x180.png","width":180,"height":180,"caption":"Filter Technik Slovakia"},"image":{"@id":"https:\/\/filtertechnik.sk\/en\/#\/schema\/logo\/image\/"}}]}},"_links":{"self":[{"href":"https:\/\/filtertechnik.sk\/en\/wp-json\/wp\/v2\/product\/1750","targetHints":{"allow":["GET"]}}],"collection":[{"href":"https:\/\/filtertechnik.sk\/en\/wp-json\/wp\/v2\/product"}],"about":[{"href":"https:\/\/filtertechnik.sk\/en\/wp-json\/wp\/v2\/types\/product"}],"wp:featuredmedia":[{"embeddable":true,"href":"https:\/\/filtertechnik.sk\/en\/wp-json\/wp\/v2\/media\/1248"}],"wp:attachment":[{"href":"https:\/\/filtertechnik.sk\/en\/wp-json\/wp\/v2\/media?parent=1750"}],"wp:term":[{"taxonomy":"product_brand","embeddable":true,"href":"https:\/\/filtertechnik.sk\/en\/wp-json\/wp\/v2\/product_brand?post=1750"},{"taxonomy":"product_cat","embeddable":true,"href":"https:\/\/filtertechnik.sk\/en\/wp-json\/wp\/v2\/product_cat?post=1750"},{"taxonomy":"product_tag","embeddable":true,"href":"https:\/\/filtertechnik.sk\/en\/wp-json\/wp\/v2\/product_tag?post=1750"}],"curies":[{"name":"wp","href":"https:\/\/api.w.org\/{rel}","templated":true}]}}