{"id":1740,"date":"2020-06-02T17:13:20","date_gmt":"2020-06-02T15:13:20","guid":{"rendered":"https:\/\/filtertechnik.sk\/produkt\/modularny-plastovy-filtracny-hrniec-xl234\/"},"modified":"2021-10-22T14:33:01","modified_gmt":"2021-10-22T12:33:01","slug":"modular-plastic-housing-xl234","status":"publish","type":"product","link":"https:\/\/filtertechnik.sk\/en\/produkt\/modular-plastic-housing-xl234\/","title":{"rendered":"Modular Plastic Housing XL234"},"content":{"rendered":"<p><strong>Vlastnosti:<\/strong><br \/>\n&#8211; pevn\u00e1 kon\u0161trukcia filtra so sklom plnen\u00e9ho polypropyl\u00e9nu s UV chr\u00e1ni\u010dmi pre dlh\u00fa \u017eivotnos\u0165 a kompatibilitu s ve\u013ekou \u0161k\u00e1lou chemik\u00e1li\u00ed<br \/>\n&#8211; \u013eahko otvorite\u013en\u00fd a zatvorite\u013en\u00fd kryt filtra bez pou\u017eitia n\u00e1radia<br \/>\n&#8211; max. pracovn\u00fd tlak 5,86 bar<br \/>\n&#8211; max. pracovn\u00e1 teplota 43\u00b0C<br \/>\n&#8211; materi\u00e1l tesnen\u00ed Buna \/ Viton<\/p>\n<p><strong>Mo\u017enos\u0165 pripojenia:<\/strong><br \/>\n&#8211; 2\u201c NPT, \u0161t\u00fdl 6 \u0161tandard (v\u00fdstup z boku, v\u00fdstup z opa\u010dn\u00e9ho boku)<br \/>\n&#8211; 2\u201c NPT, \u0161t\u00fdl 8 (vstup a v\u00fdstup na rovnakej strane filtra)<br \/>\n&#8211; 3\u201c pr\u00edruba, \u0161t\u00fdl 2 \u0161tandard (vstup z boku, v\u00fdstup na dne)<\/p>\n","protected":false},"excerpt":{"rendered":"<p>Plastic Housing XL234 allows the customer to choose a suitable type of filtration:<br \/>\n&#8211; 1 sleeve filter size XL<br \/>\n&#8211; 7 standard candle filters length 20 &#8220;, 30&#8221; or 40 &#8220;<\/p>\n","protected":false},"featured_media":1284,"template":"","meta":[],"product_brand":[],"product_cat":[161,162],"product_tag":[],"class_list":{"0":"post-1740","1":"product","2":"type-product","3":"status-publish","4":"has-post-thumbnail","6":"product_cat-bag-filter","7":"product_cat-cartridge","9":"first","10":"instock","11":"shipping-taxable","12":"product-type-simple"},"yoast_head":"<!-- This site is optimized with the Yoast SEO plugin v25.7 - https:\/\/yoast.com\/wordpress\/plugins\/seo\/ -->\n<title>Modular Plastic Housing XL234 &#8226; Filter Technik Slovakia<\/title>\n<meta name=\"robots\" content=\"index, follow, max-snippet:-1, max-image-preview:large, max-video-preview:-1\" \/>\n<link rel=\"canonical\" href=\"https:\/\/filtertechnik.sk\/en\/produkt\/modular-plastic-housing-xl234\/\" \/>\n<meta property=\"og:locale\" content=\"en_US\" \/>\n<meta property=\"og:type\" content=\"article\" \/>\n<meta property=\"og:title\" content=\"Modular Plastic Housing XL234 &#8226; Filter Technik Slovakia\" \/>\n<meta property=\"og:description\" content=\"Plastic Housing XL234 allows the customer to choose a suitable type of filtration: - 1 sleeve filter size XL - 7 standard candle filters length 20 &quot;, 30&quot; or 40 &quot;\" \/>\n<meta property=\"og:url\" content=\"https:\/\/filtertechnik.sk\/en\/produkt\/modular-plastic-housing-xl234\/\" \/>\n<meta property=\"og:site_name\" content=\"Filter Technik Slovakia\" \/>\n<meta property=\"article:modified_time\" content=\"2021-10-22T12:33:01+00:00\" \/>\n<meta property=\"og:image\" content=\"https:\/\/filtertechnik.sk\/wp-content\/uploads\/2020\/06\/plastovy-filtracny-hrniec-xl234.jpg\" \/>\n\t<meta property=\"og:image:width\" content=\"250\" \/>\n\t<meta property=\"og:image:height\" content=\"250\" \/>\n\t<meta property=\"og:image:type\" content=\"image\/jpeg\" \/>\n<meta name=\"twitter:card\" content=\"summary_large_image\" \/>\n<meta name=\"twitter:label1\" content=\"Est. reading time\" \/>\n\t<meta name=\"twitter:data1\" content=\"1 minute\" \/>\n<script type=\"application\/ld+json\" class=\"yoast-schema-graph\">{\"@context\":\"https:\/\/schema.org\",\"@graph\":[{\"@type\":\"WebPage\",\"@id\":\"https:\/\/filtertechnik.sk\/en\/produkt\/modular-plastic-housing-xl234\/\",\"url\":\"https:\/\/filtertechnik.sk\/en\/produkt\/modular-plastic-housing-xl234\/\",\"name\":\"Modular Plastic Housing XL234 &#8226; Filter Technik Slovakia\",\"isPartOf\":{\"@id\":\"https:\/\/filtertechnik.sk\/en\/#website\"},\"primaryImageOfPage\":{\"@id\":\"https:\/\/filtertechnik.sk\/en\/produkt\/modular-plastic-housing-xl234\/#primaryimage\"},\"image\":{\"@id\":\"https:\/\/filtertechnik.sk\/en\/produkt\/modular-plastic-housing-xl234\/#primaryimage\"},\"thumbnailUrl\":\"https:\/\/filtertechnik.sk\/wp-content\/uploads\/2020\/06\/plastovy-filtracny-hrniec-xl234.jpg\",\"datePublished\":\"2020-06-02T15:13:20+00:00\",\"dateModified\":\"2021-10-22T12:33:01+00:00\",\"breadcrumb\":{\"@id\":\"https:\/\/filtertechnik.sk\/en\/produkt\/modular-plastic-housing-xl234\/#breadcrumb\"},\"inLanguage\":\"en-US\",\"potentialAction\":[{\"@type\":\"ReadAction\",\"target\":[\"https:\/\/filtertechnik.sk\/en\/produkt\/modular-plastic-housing-xl234\/\"]}]},{\"@type\":\"ImageObject\",\"inLanguage\":\"en-US\",\"@id\":\"https:\/\/filtertechnik.sk\/en\/produkt\/modular-plastic-housing-xl234\/#primaryimage\",\"url\":\"https:\/\/filtertechnik.sk\/wp-content\/uploads\/2020\/06\/plastovy-filtracny-hrniec-xl234.jpg\",\"contentUrl\":\"https:\/\/filtertechnik.sk\/wp-content\/uploads\/2020\/06\/plastovy-filtracny-hrniec-xl234.jpg\",\"width\":250,\"height\":250,\"caption\":\"Modul\u00e1rny plastov\u00fd filtra\u010dn\u00fd hrniec XL234\"},{\"@type\":\"BreadcrumbList\",\"@id\":\"https:\/\/filtertechnik.sk\/en\/produkt\/modular-plastic-housing-xl234\/#breadcrumb\",\"itemListElement\":[{\"@type\":\"ListItem\",\"position\":1,\"name\":\"Home\",\"item\":\"https:\/\/filtertechnik.sk\/en\/\"},{\"@type\":\"ListItem\",\"position\":2,\"name\":\"Produkt\",\"item\":\"https:\/\/filtertechnik.sk\/produkty\/produkt\/\"},{\"@type\":\"ListItem\",\"position\":3,\"name\":\"Modular Plastic Housing XL234\"}]},{\"@type\":\"WebSite\",\"@id\":\"https:\/\/filtertechnik.sk\/en\/#website\",\"url\":\"https:\/\/filtertechnik.sk\/en\/\",\"name\":\"Filter Technik Slovakia\",\"description\":\"Va\u0161i \u0161pecialisti na filtre, filtr\u00e1ciu a diagnostiku olejov\",\"publisher\":{\"@id\":\"https:\/\/filtertechnik.sk\/en\/#organization\"},\"potentialAction\":[{\"@type\":\"SearchAction\",\"target\":{\"@type\":\"EntryPoint\",\"urlTemplate\":\"https:\/\/filtertechnik.sk\/en\/?s={search_term_string}\"},\"query-input\":{\"@type\":\"PropertyValueSpecification\",\"valueRequired\":true,\"valueName\":\"search_term_string\"}}],\"inLanguage\":\"en-US\"},{\"@type\":\"Organization\",\"@id\":\"https:\/\/filtertechnik.sk\/en\/#organization\",\"name\":\"Filter Technik Slovakia\",\"url\":\"https:\/\/filtertechnik.sk\/en\/\",\"logo\":{\"@type\":\"ImageObject\",\"inLanguage\":\"en-US\",\"@id\":\"https:\/\/filtertechnik.sk\/en\/#\/schema\/logo\/image\/\",\"url\":\"https:\/\/filtertechnik.sk\/wp-content\/uploads\/2019\/09\/fts-icon-180x180.png\",\"contentUrl\":\"https:\/\/filtertechnik.sk\/wp-content\/uploads\/2019\/09\/fts-icon-180x180.png\",\"width\":180,\"height\":180,\"caption\":\"Filter Technik Slovakia\"},\"image\":{\"@id\":\"https:\/\/filtertechnik.sk\/en\/#\/schema\/logo\/image\/\"}}]}<\/script>\n<!-- \/ Yoast SEO plugin. -->","yoast_head_json":{"title":"Modular Plastic Housing XL234 &#8226; Filter Technik Slovakia","robots":{"index":"index","follow":"follow","max-snippet":"max-snippet:-1","max-image-preview":"max-image-preview:large","max-video-preview":"max-video-preview:-1"},"canonical":"https:\/\/filtertechnik.sk\/en\/produkt\/modular-plastic-housing-xl234\/","og_locale":"en_US","og_type":"article","og_title":"Modular Plastic Housing XL234 &#8226; Filter Technik Slovakia","og_description":"Plastic Housing XL234 allows the customer to choose a suitable type of filtration: - 1 sleeve filter size XL - 7 standard candle filters length 20 \", 30\" or 40 \"","og_url":"https:\/\/filtertechnik.sk\/en\/produkt\/modular-plastic-housing-xl234\/","og_site_name":"Filter Technik Slovakia","article_modified_time":"2021-10-22T12:33:01+00:00","og_image":[{"width":250,"height":250,"url":"https:\/\/filtertechnik.sk\/wp-content\/uploads\/2020\/06\/plastovy-filtracny-hrniec-xl234.jpg","type":"image\/jpeg"}],"twitter_card":"summary_large_image","twitter_misc":{"Est. reading time":"1 minute"},"schema":{"@context":"https:\/\/schema.org","@graph":[{"@type":"WebPage","@id":"https:\/\/filtertechnik.sk\/en\/produkt\/modular-plastic-housing-xl234\/","url":"https:\/\/filtertechnik.sk\/en\/produkt\/modular-plastic-housing-xl234\/","name":"Modular Plastic Housing XL234 &#8226; Filter Technik Slovakia","isPartOf":{"@id":"https:\/\/filtertechnik.sk\/en\/#website"},"primaryImageOfPage":{"@id":"https:\/\/filtertechnik.sk\/en\/produkt\/modular-plastic-housing-xl234\/#primaryimage"},"image":{"@id":"https:\/\/filtertechnik.sk\/en\/produkt\/modular-plastic-housing-xl234\/#primaryimage"},"thumbnailUrl":"https:\/\/filtertechnik.sk\/wp-content\/uploads\/2020\/06\/plastovy-filtracny-hrniec-xl234.jpg","datePublished":"2020-06-02T15:13:20+00:00","dateModified":"2021-10-22T12:33:01+00:00","breadcrumb":{"@id":"https:\/\/filtertechnik.sk\/en\/produkt\/modular-plastic-housing-xl234\/#breadcrumb"},"inLanguage":"en-US","potentialAction":[{"@type":"ReadAction","target":["https:\/\/filtertechnik.sk\/en\/produkt\/modular-plastic-housing-xl234\/"]}]},{"@type":"ImageObject","inLanguage":"en-US","@id":"https:\/\/filtertechnik.sk\/en\/produkt\/modular-plastic-housing-xl234\/#primaryimage","url":"https:\/\/filtertechnik.sk\/wp-content\/uploads\/2020\/06\/plastovy-filtracny-hrniec-xl234.jpg","contentUrl":"https:\/\/filtertechnik.sk\/wp-content\/uploads\/2020\/06\/plastovy-filtracny-hrniec-xl234.jpg","width":250,"height":250,"caption":"Modul\u00e1rny plastov\u00fd filtra\u010dn\u00fd hrniec XL234"},{"@type":"BreadcrumbList","@id":"https:\/\/filtertechnik.sk\/en\/produkt\/modular-plastic-housing-xl234\/#breadcrumb","itemListElement":[{"@type":"ListItem","position":1,"name":"Home","item":"https:\/\/filtertechnik.sk\/en\/"},{"@type":"ListItem","position":2,"name":"Produkt","item":"https:\/\/filtertechnik.sk\/produkty\/produkt\/"},{"@type":"ListItem","position":3,"name":"Modular Plastic Housing XL234"}]},{"@type":"WebSite","@id":"https:\/\/filtertechnik.sk\/en\/#website","url":"https:\/\/filtertechnik.sk\/en\/","name":"Filter Technik Slovakia","description":"Va\u0161i \u0161pecialisti na filtre, filtr\u00e1ciu a diagnostiku olejov","publisher":{"@id":"https:\/\/filtertechnik.sk\/en\/#organization"},"potentialAction":[{"@type":"SearchAction","target":{"@type":"EntryPoint","urlTemplate":"https:\/\/filtertechnik.sk\/en\/?s={search_term_string}"},"query-input":{"@type":"PropertyValueSpecification","valueRequired":true,"valueName":"search_term_string"}}],"inLanguage":"en-US"},{"@type":"Organization","@id":"https:\/\/filtertechnik.sk\/en\/#organization","name":"Filter Technik Slovakia","url":"https:\/\/filtertechnik.sk\/en\/","logo":{"@type":"ImageObject","inLanguage":"en-US","@id":"https:\/\/filtertechnik.sk\/en\/#\/schema\/logo\/image\/","url":"https:\/\/filtertechnik.sk\/wp-content\/uploads\/2019\/09\/fts-icon-180x180.png","contentUrl":"https:\/\/filtertechnik.sk\/wp-content\/uploads\/2019\/09\/fts-icon-180x180.png","width":180,"height":180,"caption":"Filter Technik Slovakia"},"image":{"@id":"https:\/\/filtertechnik.sk\/en\/#\/schema\/logo\/image\/"}}]}},"_links":{"self":[{"href":"https:\/\/filtertechnik.sk\/en\/wp-json\/wp\/v2\/product\/1740","targetHints":{"allow":["GET"]}}],"collection":[{"href":"https:\/\/filtertechnik.sk\/en\/wp-json\/wp\/v2\/product"}],"about":[{"href":"https:\/\/filtertechnik.sk\/en\/wp-json\/wp\/v2\/types\/product"}],"wp:featuredmedia":[{"embeddable":true,"href":"https:\/\/filtertechnik.sk\/en\/wp-json\/wp\/v2\/media\/1284"}],"wp:attachment":[{"href":"https:\/\/filtertechnik.sk\/en\/wp-json\/wp\/v2\/media?parent=1740"}],"wp:term":[{"taxonomy":"product_brand","embeddable":true,"href":"https:\/\/filtertechnik.sk\/en\/wp-json\/wp\/v2\/product_brand?post=1740"},{"taxonomy":"product_cat","embeddable":true,"href":"https:\/\/filtertechnik.sk\/en\/wp-json\/wp\/v2\/product_cat?post=1740"},{"taxonomy":"product_tag","embeddable":true,"href":"https:\/\/filtertechnik.sk\/en\/wp-json\/wp\/v2\/product_tag?post=1740"}],"curies":[{"name":"wp","href":"https:\/\/api.w.org\/{rel}","templated":true}]}}