{"id":1736,"date":"2020-06-02T17:00:16","date_gmt":"2020-06-02T15:00:16","guid":{"rendered":"https:\/\/filtertechnik.sk\/produkt\/modularny-plastovy-filtracny-hrniec-x100\/"},"modified":"2021-10-22T14:33:45","modified_gmt":"2021-10-22T12:33:45","slug":"modular-plastic-housing-x100","status":"publish","type":"product","link":"https:\/\/filtertechnik.sk\/en\/produkt\/modular-plastic-housing-x100\/","title":{"rendered":"Modular Plastic Housing X100"},"content":{"rendered":"<ul class=\"fts-droplet\">\n<li>filter housing material: 100% polypropylene steel legs<\/li>\n<li>input \/ output connection: 2 \u201cBSP<\/li>\n<li>input &#8211; side \/ output &#8211; bottom arrangement<\/li>\n<li>O-ring seal: buna \/ viton<\/li>\n<li>plastic filter basket<\/li>\n<li>differential pressure gauge<\/li>\n<li>max. temperature 43 \u00b0 C<\/li>\n<li>max. pressure 87 psi (6bar)<\/li>\n<li>max. flow rate: 280 l \/ min<\/li>\n<li>fitted: 1x sleeve filter (designation X100B) \/ or candle filter (designation X100C)<\/li>\n<\/ul>\n","protected":false},"excerpt":{"rendered":"<p>The <strong>X100<\/strong> filter pot is structurally adapted to fit a sleeve filter, but with the supplied adapter, a candle filter can also be used without any problems. The bag filter is the nominal filtration class, the candle filter represents the absolute filtration class.<\/p>\n","protected":false},"featured_media":1226,"template":"","meta":[],"product_brand":[],"product_cat":[161,162],"product_tag":[],"class_list":{"0":"post-1736","1":"product","2":"type-product","3":"status-publish","4":"has-post-thumbnail","6":"product_cat-bag-filter","7":"product_cat-cartridge","9":"first","10":"instock","11":"shipping-taxable","12":"product-type-simple"},"yoast_head":"<!-- This site is optimized with the Yoast SEO plugin v25.7 - https:\/\/yoast.com\/wordpress\/plugins\/seo\/ -->\n<title>Modular Plastic Housing X100 &#8226; Filter Technik Slovakia<\/title>\n<meta name=\"robots\" content=\"index, follow, max-snippet:-1, max-image-preview:large, max-video-preview:-1\" \/>\n<link rel=\"canonical\" href=\"https:\/\/filtertechnik.sk\/en\/produkt\/modular-plastic-housing-x100\/\" \/>\n<meta property=\"og:locale\" content=\"en_US\" \/>\n<meta property=\"og:type\" content=\"article\" \/>\n<meta property=\"og:title\" content=\"Modular Plastic Housing X100 &#8226; Filter Technik Slovakia\" \/>\n<meta property=\"og:description\" content=\"The X100 filter pot is structurally adapted to fit a sleeve filter, but with the supplied adapter, a candle filter can also be used without any problems. The bag filter is the nominal filtration class, the candle filter represents the absolute filtration class.\" \/>\n<meta property=\"og:url\" content=\"https:\/\/filtertechnik.sk\/en\/produkt\/modular-plastic-housing-x100\/\" \/>\n<meta property=\"og:site_name\" content=\"Filter Technik Slovakia\" \/>\n<meta property=\"article:modified_time\" content=\"2021-10-22T12:33:45+00:00\" \/>\n<meta property=\"og:image\" content=\"https:\/\/filtertechnik.sk\/wp-content\/uploads\/2020\/03\/plastovy-filtracny-hrniec.jpg\" \/>\n\t<meta property=\"og:image:width\" content=\"360\" \/>\n\t<meta property=\"og:image:height\" content=\"360\" \/>\n\t<meta property=\"og:image:type\" content=\"image\/jpeg\" \/>\n<meta name=\"twitter:card\" content=\"summary_large_image\" \/>\n<meta name=\"twitter:label1\" content=\"Est. reading time\" \/>\n\t<meta name=\"twitter:data1\" content=\"1 minute\" \/>\n<script type=\"application\/ld+json\" class=\"yoast-schema-graph\">{\"@context\":\"https:\/\/schema.org\",\"@graph\":[{\"@type\":\"WebPage\",\"@id\":\"https:\/\/filtertechnik.sk\/en\/produkt\/modular-plastic-housing-x100\/\",\"url\":\"https:\/\/filtertechnik.sk\/en\/produkt\/modular-plastic-housing-x100\/\",\"name\":\"Modular Plastic Housing X100 &#8226; Filter Technik Slovakia\",\"isPartOf\":{\"@id\":\"https:\/\/filtertechnik.sk\/en\/#website\"},\"primaryImageOfPage\":{\"@id\":\"https:\/\/filtertechnik.sk\/en\/produkt\/modular-plastic-housing-x100\/#primaryimage\"},\"image\":{\"@id\":\"https:\/\/filtertechnik.sk\/en\/produkt\/modular-plastic-housing-x100\/#primaryimage\"},\"thumbnailUrl\":\"https:\/\/filtertechnik.sk\/wp-content\/uploads\/2020\/03\/plastovy-filtracny-hrniec.jpg\",\"datePublished\":\"2020-06-02T15:00:16+00:00\",\"dateModified\":\"2021-10-22T12:33:45+00:00\",\"breadcrumb\":{\"@id\":\"https:\/\/filtertechnik.sk\/en\/produkt\/modular-plastic-housing-x100\/#breadcrumb\"},\"inLanguage\":\"en-US\",\"potentialAction\":[{\"@type\":\"ReadAction\",\"target\":[\"https:\/\/filtertechnik.sk\/en\/produkt\/modular-plastic-housing-x100\/\"]}]},{\"@type\":\"ImageObject\",\"inLanguage\":\"en-US\",\"@id\":\"https:\/\/filtertechnik.sk\/en\/produkt\/modular-plastic-housing-x100\/#primaryimage\",\"url\":\"https:\/\/filtertechnik.sk\/wp-content\/uploads\/2020\/03\/plastovy-filtracny-hrniec.jpg\",\"contentUrl\":\"https:\/\/filtertechnik.sk\/wp-content\/uploads\/2020\/03\/plastovy-filtracny-hrniec.jpg\",\"width\":360,\"height\":360,\"caption\":\"Modul\u00e1rny plastov\u00fd filtra\u010dn\u00fd hrniec\"},{\"@type\":\"BreadcrumbList\",\"@id\":\"https:\/\/filtertechnik.sk\/en\/produkt\/modular-plastic-housing-x100\/#breadcrumb\",\"itemListElement\":[{\"@type\":\"ListItem\",\"position\":1,\"name\":\"Home\",\"item\":\"https:\/\/filtertechnik.sk\/en\/\"},{\"@type\":\"ListItem\",\"position\":2,\"name\":\"Produkt\",\"item\":\"https:\/\/filtertechnik.sk\/produkty\/produkt\/\"},{\"@type\":\"ListItem\",\"position\":3,\"name\":\"Modular Plastic Housing X100\"}]},{\"@type\":\"WebSite\",\"@id\":\"https:\/\/filtertechnik.sk\/en\/#website\",\"url\":\"https:\/\/filtertechnik.sk\/en\/\",\"name\":\"Filter Technik Slovakia\",\"description\":\"Va\u0161i \u0161pecialisti na filtre, filtr\u00e1ciu a diagnostiku olejov\",\"publisher\":{\"@id\":\"https:\/\/filtertechnik.sk\/en\/#organization\"},\"potentialAction\":[{\"@type\":\"SearchAction\",\"target\":{\"@type\":\"EntryPoint\",\"urlTemplate\":\"https:\/\/filtertechnik.sk\/en\/?s={search_term_string}\"},\"query-input\":{\"@type\":\"PropertyValueSpecification\",\"valueRequired\":true,\"valueName\":\"search_term_string\"}}],\"inLanguage\":\"en-US\"},{\"@type\":\"Organization\",\"@id\":\"https:\/\/filtertechnik.sk\/en\/#organization\",\"name\":\"Filter Technik Slovakia\",\"url\":\"https:\/\/filtertechnik.sk\/en\/\",\"logo\":{\"@type\":\"ImageObject\",\"inLanguage\":\"en-US\",\"@id\":\"https:\/\/filtertechnik.sk\/en\/#\/schema\/logo\/image\/\",\"url\":\"https:\/\/filtertechnik.sk\/wp-content\/uploads\/2019\/09\/fts-icon-180x180.png\",\"contentUrl\":\"https:\/\/filtertechnik.sk\/wp-content\/uploads\/2019\/09\/fts-icon-180x180.png\",\"width\":180,\"height\":180,\"caption\":\"Filter Technik Slovakia\"},\"image\":{\"@id\":\"https:\/\/filtertechnik.sk\/en\/#\/schema\/logo\/image\/\"}}]}<\/script>\n<!-- \/ Yoast SEO plugin. -->","yoast_head_json":{"title":"Modular Plastic Housing X100 &#8226; Filter Technik Slovakia","robots":{"index":"index","follow":"follow","max-snippet":"max-snippet:-1","max-image-preview":"max-image-preview:large","max-video-preview":"max-video-preview:-1"},"canonical":"https:\/\/filtertechnik.sk\/en\/produkt\/modular-plastic-housing-x100\/","og_locale":"en_US","og_type":"article","og_title":"Modular Plastic Housing X100 &#8226; Filter Technik Slovakia","og_description":"The X100 filter pot is structurally adapted to fit a sleeve filter, but with the supplied adapter, a candle filter can also be used without any problems. The bag filter is the nominal filtration class, the candle filter represents the absolute filtration class.","og_url":"https:\/\/filtertechnik.sk\/en\/produkt\/modular-plastic-housing-x100\/","og_site_name":"Filter Technik Slovakia","article_modified_time":"2021-10-22T12:33:45+00:00","og_image":[{"width":360,"height":360,"url":"https:\/\/filtertechnik.sk\/wp-content\/uploads\/2020\/03\/plastovy-filtracny-hrniec.jpg","type":"image\/jpeg"}],"twitter_card":"summary_large_image","twitter_misc":{"Est. reading time":"1 minute"},"schema":{"@context":"https:\/\/schema.org","@graph":[{"@type":"WebPage","@id":"https:\/\/filtertechnik.sk\/en\/produkt\/modular-plastic-housing-x100\/","url":"https:\/\/filtertechnik.sk\/en\/produkt\/modular-plastic-housing-x100\/","name":"Modular Plastic Housing X100 &#8226; Filter Technik Slovakia","isPartOf":{"@id":"https:\/\/filtertechnik.sk\/en\/#website"},"primaryImageOfPage":{"@id":"https:\/\/filtertechnik.sk\/en\/produkt\/modular-plastic-housing-x100\/#primaryimage"},"image":{"@id":"https:\/\/filtertechnik.sk\/en\/produkt\/modular-plastic-housing-x100\/#primaryimage"},"thumbnailUrl":"https:\/\/filtertechnik.sk\/wp-content\/uploads\/2020\/03\/plastovy-filtracny-hrniec.jpg","datePublished":"2020-06-02T15:00:16+00:00","dateModified":"2021-10-22T12:33:45+00:00","breadcrumb":{"@id":"https:\/\/filtertechnik.sk\/en\/produkt\/modular-plastic-housing-x100\/#breadcrumb"},"inLanguage":"en-US","potentialAction":[{"@type":"ReadAction","target":["https:\/\/filtertechnik.sk\/en\/produkt\/modular-plastic-housing-x100\/"]}]},{"@type":"ImageObject","inLanguage":"en-US","@id":"https:\/\/filtertechnik.sk\/en\/produkt\/modular-plastic-housing-x100\/#primaryimage","url":"https:\/\/filtertechnik.sk\/wp-content\/uploads\/2020\/03\/plastovy-filtracny-hrniec.jpg","contentUrl":"https:\/\/filtertechnik.sk\/wp-content\/uploads\/2020\/03\/plastovy-filtracny-hrniec.jpg","width":360,"height":360,"caption":"Modul\u00e1rny plastov\u00fd filtra\u010dn\u00fd hrniec"},{"@type":"BreadcrumbList","@id":"https:\/\/filtertechnik.sk\/en\/produkt\/modular-plastic-housing-x100\/#breadcrumb","itemListElement":[{"@type":"ListItem","position":1,"name":"Home","item":"https:\/\/filtertechnik.sk\/en\/"},{"@type":"ListItem","position":2,"name":"Produkt","item":"https:\/\/filtertechnik.sk\/produkty\/produkt\/"},{"@type":"ListItem","position":3,"name":"Modular Plastic Housing X100"}]},{"@type":"WebSite","@id":"https:\/\/filtertechnik.sk\/en\/#website","url":"https:\/\/filtertechnik.sk\/en\/","name":"Filter Technik Slovakia","description":"Va\u0161i \u0161pecialisti na filtre, filtr\u00e1ciu a diagnostiku olejov","publisher":{"@id":"https:\/\/filtertechnik.sk\/en\/#organization"},"potentialAction":[{"@type":"SearchAction","target":{"@type":"EntryPoint","urlTemplate":"https:\/\/filtertechnik.sk\/en\/?s={search_term_string}"},"query-input":{"@type":"PropertyValueSpecification","valueRequired":true,"valueName":"search_term_string"}}],"inLanguage":"en-US"},{"@type":"Organization","@id":"https:\/\/filtertechnik.sk\/en\/#organization","name":"Filter Technik Slovakia","url":"https:\/\/filtertechnik.sk\/en\/","logo":{"@type":"ImageObject","inLanguage":"en-US","@id":"https:\/\/filtertechnik.sk\/en\/#\/schema\/logo\/image\/","url":"https:\/\/filtertechnik.sk\/wp-content\/uploads\/2019\/09\/fts-icon-180x180.png","contentUrl":"https:\/\/filtertechnik.sk\/wp-content\/uploads\/2019\/09\/fts-icon-180x180.png","width":180,"height":180,"caption":"Filter Technik Slovakia"},"image":{"@id":"https:\/\/filtertechnik.sk\/en\/#\/schema\/logo\/image\/"}}]}},"_links":{"self":[{"href":"https:\/\/filtertechnik.sk\/en\/wp-json\/wp\/v2\/product\/1736","targetHints":{"allow":["GET"]}}],"collection":[{"href":"https:\/\/filtertechnik.sk\/en\/wp-json\/wp\/v2\/product"}],"about":[{"href":"https:\/\/filtertechnik.sk\/en\/wp-json\/wp\/v2\/types\/product"}],"wp:featuredmedia":[{"embeddable":true,"href":"https:\/\/filtertechnik.sk\/en\/wp-json\/wp\/v2\/media\/1226"}],"wp:attachment":[{"href":"https:\/\/filtertechnik.sk\/en\/wp-json\/wp\/v2\/media?parent=1736"}],"wp:term":[{"taxonomy":"product_brand","embeddable":true,"href":"https:\/\/filtertechnik.sk\/en\/wp-json\/wp\/v2\/product_brand?post=1736"},{"taxonomy":"product_cat","embeddable":true,"href":"https:\/\/filtertechnik.sk\/en\/wp-json\/wp\/v2\/product_cat?post=1736"},{"taxonomy":"product_tag","embeddable":true,"href":"https:\/\/filtertechnik.sk\/en\/wp-json\/wp\/v2\/product_tag?post=1736"}],"curies":[{"name":"wp","href":"https:\/\/api.w.org\/{rel}","templated":true}]}}