{"id":1709,"date":"2020-10-09T11:15:12","date_gmt":"2020-10-09T09:15:12","guid":{"rendered":"https:\/\/filtertechnik.sk\/produkt\/odlucovac-olejovej-hmly\/"},"modified":"2021-10-21T17:11:28","modified_gmt":"2021-10-21T15:11:28","slug":"oil-mist","status":"publish","type":"product","link":"https:\/\/filtertechnik.sk\/en\/produkt\/oil-mist\/","title":{"rendered":"Oil mist"},"content":{"rendered":"<p><strong>Number of filtration stages:<\/strong> 4<\/p>\n<p><strong>First stage of filtration:<\/strong> metal prefilter (aluminum), filtration class G2<\/p>\n<p><strong>Second stage of filtration:<\/strong> oil mist separation, material: BUS45<\/p>\n<p><strong>Third stage of filtration:<\/strong> oil mist separation, material: BUS90<\/p>\n<p><strong>Fourth filtration stage:<\/strong> separation of solid particles, filtration class H13<\/p>\n<p><strong>Output oil mist concentration:<\/strong> below 1 mg \/ m3<\/p>\n<p><strong>Max. air flow:<\/strong> 2000 m3\/h<\/p>\n<p><strong>Static pressure:<\/strong> 180 Pa<\/p>\n<p><strong>Clogging indicator:<\/strong> \u00e1no<\/p>\n","protected":false},"excerpt":{"rendered":"<h4>FTS YOC 420 FA HF40<\/h4>\n<p>Filtration unit for the separation of oil mist from the working spaces of machinery<\/p>\n","protected":false},"featured_media":1442,"template":"","meta":[],"product_brand":[],"product_cat":[134],"product_tag":[],"class_list":{"0":"post-1709","1":"product","2":"type-product","3":"status-publish","4":"has-post-thumbnail","6":"product_cat-oil-mist","8":"first","9":"instock","10":"shipping-taxable","11":"product-type-simple"},"yoast_head":"<!-- This site is optimized with the Yoast SEO plugin v25.7 - https:\/\/yoast.com\/wordpress\/plugins\/seo\/ -->\n<title>Oil mist &#8226; Filter Technik Slovakia<\/title>\n<meta name=\"robots\" content=\"index, follow, max-snippet:-1, max-image-preview:large, max-video-preview:-1\" \/>\n<link rel=\"canonical\" href=\"https:\/\/filtertechnik.sk\/en\/produkt\/oil-mist\/\" \/>\n<meta property=\"og:locale\" content=\"en_US\" \/>\n<meta property=\"og:type\" content=\"article\" \/>\n<meta property=\"og:title\" content=\"Oil mist &#8226; Filter Technik Slovakia\" \/>\n<meta property=\"og:description\" content=\"FTS YOC 420 FA HF40 Filtration unit for the separation of oil mist from the working spaces of machinery\" \/>\n<meta property=\"og:url\" content=\"https:\/\/filtertechnik.sk\/en\/produkt\/oil-mist\/\" \/>\n<meta property=\"og:site_name\" content=\"Filter Technik Slovakia\" \/>\n<meta property=\"article:modified_time\" content=\"2021-10-21T15:11:28+00:00\" \/>\n<meta property=\"og:image\" content=\"https:\/\/filtertechnik.sk\/wp-content\/uploads\/2020\/10\/odlucovac-olejovej-hmly.jpg\" \/>\n\t<meta property=\"og:image:width\" content=\"1280\" \/>\n\t<meta property=\"og:image:height\" content=\"1280\" \/>\n\t<meta property=\"og:image:type\" content=\"image\/jpeg\" \/>\n<meta name=\"twitter:card\" content=\"summary_large_image\" \/>\n<script type=\"application\/ld+json\" class=\"yoast-schema-graph\">{\"@context\":\"https:\/\/schema.org\",\"@graph\":[{\"@type\":\"WebPage\",\"@id\":\"https:\/\/filtertechnik.sk\/en\/produkt\/oil-mist\/\",\"url\":\"https:\/\/filtertechnik.sk\/en\/produkt\/oil-mist\/\",\"name\":\"Oil mist &#8226; Filter Technik Slovakia\",\"isPartOf\":{\"@id\":\"https:\/\/filtertechnik.sk\/en\/#website\"},\"primaryImageOfPage\":{\"@id\":\"https:\/\/filtertechnik.sk\/en\/produkt\/oil-mist\/#primaryimage\"},\"image\":{\"@id\":\"https:\/\/filtertechnik.sk\/en\/produkt\/oil-mist\/#primaryimage\"},\"thumbnailUrl\":\"https:\/\/filtertechnik.sk\/wp-content\/uploads\/2020\/10\/odlucovac-olejovej-hmly.jpg\",\"datePublished\":\"2020-10-09T09:15:12+00:00\",\"dateModified\":\"2021-10-21T15:11:28+00:00\",\"breadcrumb\":{\"@id\":\"https:\/\/filtertechnik.sk\/en\/produkt\/oil-mist\/#breadcrumb\"},\"inLanguage\":\"en-US\",\"potentialAction\":[{\"@type\":\"ReadAction\",\"target\":[\"https:\/\/filtertechnik.sk\/en\/produkt\/oil-mist\/\"]}]},{\"@type\":\"ImageObject\",\"inLanguage\":\"en-US\",\"@id\":\"https:\/\/filtertechnik.sk\/en\/produkt\/oil-mist\/#primaryimage\",\"url\":\"https:\/\/filtertechnik.sk\/wp-content\/uploads\/2020\/10\/odlucovac-olejovej-hmly.jpg\",\"contentUrl\":\"https:\/\/filtertechnik.sk\/wp-content\/uploads\/2020\/10\/odlucovac-olejovej-hmly.jpg\",\"width\":1280,\"height\":1280},{\"@type\":\"BreadcrumbList\",\"@id\":\"https:\/\/filtertechnik.sk\/en\/produkt\/oil-mist\/#breadcrumb\",\"itemListElement\":[{\"@type\":\"ListItem\",\"position\":1,\"name\":\"Home\",\"item\":\"https:\/\/filtertechnik.sk\/en\/\"},{\"@type\":\"ListItem\",\"position\":2,\"name\":\"Produkt\",\"item\":\"https:\/\/filtertechnik.sk\/produkty\/produkt\/\"},{\"@type\":\"ListItem\",\"position\":3,\"name\":\"Oil mist\"}]},{\"@type\":\"WebSite\",\"@id\":\"https:\/\/filtertechnik.sk\/en\/#website\",\"url\":\"https:\/\/filtertechnik.sk\/en\/\",\"name\":\"Filter Technik Slovakia\",\"description\":\"Va\u0161i \u0161pecialisti na filtre, filtr\u00e1ciu a diagnostiku olejov\",\"publisher\":{\"@id\":\"https:\/\/filtertechnik.sk\/en\/#organization\"},\"potentialAction\":[{\"@type\":\"SearchAction\",\"target\":{\"@type\":\"EntryPoint\",\"urlTemplate\":\"https:\/\/filtertechnik.sk\/en\/?s={search_term_string}\"},\"query-input\":{\"@type\":\"PropertyValueSpecification\",\"valueRequired\":true,\"valueName\":\"search_term_string\"}}],\"inLanguage\":\"en-US\"},{\"@type\":\"Organization\",\"@id\":\"https:\/\/filtertechnik.sk\/en\/#organization\",\"name\":\"Filter Technik Slovakia\",\"url\":\"https:\/\/filtertechnik.sk\/en\/\",\"logo\":{\"@type\":\"ImageObject\",\"inLanguage\":\"en-US\",\"@id\":\"https:\/\/filtertechnik.sk\/en\/#\/schema\/logo\/image\/\",\"url\":\"https:\/\/filtertechnik.sk\/wp-content\/uploads\/2019\/09\/fts-icon-180x180.png\",\"contentUrl\":\"https:\/\/filtertechnik.sk\/wp-content\/uploads\/2019\/09\/fts-icon-180x180.png\",\"width\":180,\"height\":180,\"caption\":\"Filter Technik Slovakia\"},\"image\":{\"@id\":\"https:\/\/filtertechnik.sk\/en\/#\/schema\/logo\/image\/\"}}]}<\/script>\n<!-- \/ Yoast SEO plugin. -->","yoast_head_json":{"title":"Oil mist &#8226; Filter Technik Slovakia","robots":{"index":"index","follow":"follow","max-snippet":"max-snippet:-1","max-image-preview":"max-image-preview:large","max-video-preview":"max-video-preview:-1"},"canonical":"https:\/\/filtertechnik.sk\/en\/produkt\/oil-mist\/","og_locale":"en_US","og_type":"article","og_title":"Oil mist &#8226; Filter Technik Slovakia","og_description":"FTS YOC 420 FA HF40 Filtration unit for the separation of oil mist from the working spaces of machinery","og_url":"https:\/\/filtertechnik.sk\/en\/produkt\/oil-mist\/","og_site_name":"Filter Technik Slovakia","article_modified_time":"2021-10-21T15:11:28+00:00","og_image":[{"width":1280,"height":1280,"url":"https:\/\/filtertechnik.sk\/wp-content\/uploads\/2020\/10\/odlucovac-olejovej-hmly.jpg","type":"image\/jpeg"}],"twitter_card":"summary_large_image","schema":{"@context":"https:\/\/schema.org","@graph":[{"@type":"WebPage","@id":"https:\/\/filtertechnik.sk\/en\/produkt\/oil-mist\/","url":"https:\/\/filtertechnik.sk\/en\/produkt\/oil-mist\/","name":"Oil mist &#8226; Filter Technik Slovakia","isPartOf":{"@id":"https:\/\/filtertechnik.sk\/en\/#website"},"primaryImageOfPage":{"@id":"https:\/\/filtertechnik.sk\/en\/produkt\/oil-mist\/#primaryimage"},"image":{"@id":"https:\/\/filtertechnik.sk\/en\/produkt\/oil-mist\/#primaryimage"},"thumbnailUrl":"https:\/\/filtertechnik.sk\/wp-content\/uploads\/2020\/10\/odlucovac-olejovej-hmly.jpg","datePublished":"2020-10-09T09:15:12+00:00","dateModified":"2021-10-21T15:11:28+00:00","breadcrumb":{"@id":"https:\/\/filtertechnik.sk\/en\/produkt\/oil-mist\/#breadcrumb"},"inLanguage":"en-US","potentialAction":[{"@type":"ReadAction","target":["https:\/\/filtertechnik.sk\/en\/produkt\/oil-mist\/"]}]},{"@type":"ImageObject","inLanguage":"en-US","@id":"https:\/\/filtertechnik.sk\/en\/produkt\/oil-mist\/#primaryimage","url":"https:\/\/filtertechnik.sk\/wp-content\/uploads\/2020\/10\/odlucovac-olejovej-hmly.jpg","contentUrl":"https:\/\/filtertechnik.sk\/wp-content\/uploads\/2020\/10\/odlucovac-olejovej-hmly.jpg","width":1280,"height":1280},{"@type":"BreadcrumbList","@id":"https:\/\/filtertechnik.sk\/en\/produkt\/oil-mist\/#breadcrumb","itemListElement":[{"@type":"ListItem","position":1,"name":"Home","item":"https:\/\/filtertechnik.sk\/en\/"},{"@type":"ListItem","position":2,"name":"Produkt","item":"https:\/\/filtertechnik.sk\/produkty\/produkt\/"},{"@type":"ListItem","position":3,"name":"Oil mist"}]},{"@type":"WebSite","@id":"https:\/\/filtertechnik.sk\/en\/#website","url":"https:\/\/filtertechnik.sk\/en\/","name":"Filter Technik Slovakia","description":"Va\u0161i \u0161pecialisti na filtre, filtr\u00e1ciu a diagnostiku olejov","publisher":{"@id":"https:\/\/filtertechnik.sk\/en\/#organization"},"potentialAction":[{"@type":"SearchAction","target":{"@type":"EntryPoint","urlTemplate":"https:\/\/filtertechnik.sk\/en\/?s={search_term_string}"},"query-input":{"@type":"PropertyValueSpecification","valueRequired":true,"valueName":"search_term_string"}}],"inLanguage":"en-US"},{"@type":"Organization","@id":"https:\/\/filtertechnik.sk\/en\/#organization","name":"Filter Technik Slovakia","url":"https:\/\/filtertechnik.sk\/en\/","logo":{"@type":"ImageObject","inLanguage":"en-US","@id":"https:\/\/filtertechnik.sk\/en\/#\/schema\/logo\/image\/","url":"https:\/\/filtertechnik.sk\/wp-content\/uploads\/2019\/09\/fts-icon-180x180.png","contentUrl":"https:\/\/filtertechnik.sk\/wp-content\/uploads\/2019\/09\/fts-icon-180x180.png","width":180,"height":180,"caption":"Filter Technik Slovakia"},"image":{"@id":"https:\/\/filtertechnik.sk\/en\/#\/schema\/logo\/image\/"}}]}},"_links":{"self":[{"href":"https:\/\/filtertechnik.sk\/en\/wp-json\/wp\/v2\/product\/1709","targetHints":{"allow":["GET"]}}],"collection":[{"href":"https:\/\/filtertechnik.sk\/en\/wp-json\/wp\/v2\/product"}],"about":[{"href":"https:\/\/filtertechnik.sk\/en\/wp-json\/wp\/v2\/types\/product"}],"wp:featuredmedia":[{"embeddable":true,"href":"https:\/\/filtertechnik.sk\/en\/wp-json\/wp\/v2\/media\/1442"}],"wp:attachment":[{"href":"https:\/\/filtertechnik.sk\/en\/wp-json\/wp\/v2\/media?parent=1709"}],"wp:term":[{"taxonomy":"product_brand","embeddable":true,"href":"https:\/\/filtertechnik.sk\/en\/wp-json\/wp\/v2\/product_brand?post=1709"},{"taxonomy":"product_cat","embeddable":true,"href":"https:\/\/filtertechnik.sk\/en\/wp-json\/wp\/v2\/product_cat?post=1709"},{"taxonomy":"product_tag","embeddable":true,"href":"https:\/\/filtertechnik.sk\/en\/wp-json\/wp\/v2\/product_tag?post=1709"}],"curies":[{"name":"wp","href":"https:\/\/api.w.org\/{rel}","templated":true}]}}