{"id":1705,"date":"2019-11-13T15:37:26","date_gmt":"2019-11-13T14:37:26","guid":{"rendered":"https:\/\/filtertechnik.sk\/produkt\/citacka-bez-pohonu\/"},"modified":"2021-10-21T16:58:59","modified_gmt":"2021-10-21T14:58:59","slug":"monitoring-without-drive","status":"publish","type":"product","link":"https:\/\/filtertechnik.sk\/en\/produkt\/monitoring-without-drive\/","title":{"rendered":"Monitoring without drive"},"content":{"rendered":"<p><small><\/p>\n<ul class=\"fts-droplet\">\n<li>solid mechanical contaminant reader<\/li>\n<li>display of purity code according to NAS 1638, ISO 4406, SAE<\/li>\n<li>online display of the current oil purity class<\/li>\n<li>long laser diode life<\/li>\n<li>high temperature and pressure resistance<\/li>\n<li>contains a prefilter to catch coarse mechanical impurities<\/li>\n<li>possibility to connect to a PC for data recording and trend monitoring<\/li>\n<li>the device is connected in-line to the pressure branch<\/li>\n<\/ul>\n<p><\/small><\/p>\n","protected":false},"excerpt":{"rendered":"<p>Online particle monitoring without the drive<\/p>\n","protected":false},"featured_media":1173,"template":"","meta":[],"product_brand":[],"product_cat":[135],"product_tag":[],"class_list":{"0":"post-1705","1":"product","2":"type-product","3":"status-publish","4":"has-post-thumbnail","6":"product_cat-online-particle-monitoring","8":"first","9":"instock","10":"shipping-taxable","11":"product-type-simple"},"yoast_head":"<!-- This site is optimized with the Yoast SEO plugin v25.7 - https:\/\/yoast.com\/wordpress\/plugins\/seo\/ -->\n<title>Monitoring without drive &#8226; Filter Technik Slovakia<\/title>\n<meta name=\"robots\" content=\"index, follow, max-snippet:-1, max-image-preview:large, max-video-preview:-1\" \/>\n<link rel=\"canonical\" href=\"https:\/\/filtertechnik.sk\/en\/produkt\/monitoring-without-drive\/\" \/>\n<meta property=\"og:locale\" content=\"en_US\" \/>\n<meta property=\"og:type\" content=\"article\" \/>\n<meta property=\"og:title\" content=\"Monitoring without drive &#8226; Filter Technik Slovakia\" \/>\n<meta property=\"og:description\" content=\"Online particle monitoring without the drive\" \/>\n<meta property=\"og:url\" content=\"https:\/\/filtertechnik.sk\/en\/produkt\/monitoring-without-drive\/\" \/>\n<meta property=\"og:site_name\" content=\"Filter Technik Slovakia\" \/>\n<meta property=\"article:modified_time\" content=\"2021-10-21T14:58:59+00:00\" \/>\n<meta property=\"og:image\" content=\"https:\/\/filtertechnik.sk\/wp-content\/uploads\/2019\/11\/monitoring-castic-bez-pohonu.jpg\" \/>\n\t<meta property=\"og:image:width\" content=\"1440\" \/>\n\t<meta property=\"og:image:height\" content=\"1440\" \/>\n\t<meta property=\"og:image:type\" content=\"image\/jpeg\" \/>\n<meta name=\"twitter:card\" content=\"summary_large_image\" \/>\n<script type=\"application\/ld+json\" class=\"yoast-schema-graph\">{\"@context\":\"https:\/\/schema.org\",\"@graph\":[{\"@type\":\"WebPage\",\"@id\":\"https:\/\/filtertechnik.sk\/en\/produkt\/monitoring-without-drive\/\",\"url\":\"https:\/\/filtertechnik.sk\/en\/produkt\/monitoring-without-drive\/\",\"name\":\"Monitoring without drive &#8226; Filter Technik Slovakia\",\"isPartOf\":{\"@id\":\"https:\/\/filtertechnik.sk\/en\/#website\"},\"primaryImageOfPage\":{\"@id\":\"https:\/\/filtertechnik.sk\/en\/produkt\/monitoring-without-drive\/#primaryimage\"},\"image\":{\"@id\":\"https:\/\/filtertechnik.sk\/en\/produkt\/monitoring-without-drive\/#primaryimage\"},\"thumbnailUrl\":\"https:\/\/filtertechnik.sk\/wp-content\/uploads\/2019\/11\/monitoring-castic-bez-pohonu.jpg\",\"datePublished\":\"2019-11-13T14:37:26+00:00\",\"dateModified\":\"2021-10-21T14:58:59+00:00\",\"breadcrumb\":{\"@id\":\"https:\/\/filtertechnik.sk\/en\/produkt\/monitoring-without-drive\/#breadcrumb\"},\"inLanguage\":\"en-US\",\"potentialAction\":[{\"@type\":\"ReadAction\",\"target\":[\"https:\/\/filtertechnik.sk\/en\/produkt\/monitoring-without-drive\/\"]}]},{\"@type\":\"ImageObject\",\"inLanguage\":\"en-US\",\"@id\":\"https:\/\/filtertechnik.sk\/en\/produkt\/monitoring-without-drive\/#primaryimage\",\"url\":\"https:\/\/filtertechnik.sk\/wp-content\/uploads\/2019\/11\/monitoring-castic-bez-pohonu.jpg\",\"contentUrl\":\"https:\/\/filtertechnik.sk\/wp-content\/uploads\/2019\/11\/monitoring-castic-bez-pohonu.jpg\",\"width\":1440,\"height\":1440},{\"@type\":\"BreadcrumbList\",\"@id\":\"https:\/\/filtertechnik.sk\/en\/produkt\/monitoring-without-drive\/#breadcrumb\",\"itemListElement\":[{\"@type\":\"ListItem\",\"position\":1,\"name\":\"Home\",\"item\":\"https:\/\/filtertechnik.sk\/en\/\"},{\"@type\":\"ListItem\",\"position\":2,\"name\":\"Produkt\",\"item\":\"https:\/\/filtertechnik.sk\/produkty\/produkt\/\"},{\"@type\":\"ListItem\",\"position\":3,\"name\":\"Monitoring without drive\"}]},{\"@type\":\"WebSite\",\"@id\":\"https:\/\/filtertechnik.sk\/en\/#website\",\"url\":\"https:\/\/filtertechnik.sk\/en\/\",\"name\":\"Filter Technik Slovakia\",\"description\":\"Va\u0161i \u0161pecialisti na filtre, filtr\u00e1ciu a diagnostiku olejov\",\"publisher\":{\"@id\":\"https:\/\/filtertechnik.sk\/en\/#organization\"},\"potentialAction\":[{\"@type\":\"SearchAction\",\"target\":{\"@type\":\"EntryPoint\",\"urlTemplate\":\"https:\/\/filtertechnik.sk\/en\/?s={search_term_string}\"},\"query-input\":{\"@type\":\"PropertyValueSpecification\",\"valueRequired\":true,\"valueName\":\"search_term_string\"}}],\"inLanguage\":\"en-US\"},{\"@type\":\"Organization\",\"@id\":\"https:\/\/filtertechnik.sk\/en\/#organization\",\"name\":\"Filter Technik Slovakia\",\"url\":\"https:\/\/filtertechnik.sk\/en\/\",\"logo\":{\"@type\":\"ImageObject\",\"inLanguage\":\"en-US\",\"@id\":\"https:\/\/filtertechnik.sk\/en\/#\/schema\/logo\/image\/\",\"url\":\"https:\/\/filtertechnik.sk\/wp-content\/uploads\/2019\/09\/fts-icon-180x180.png\",\"contentUrl\":\"https:\/\/filtertechnik.sk\/wp-content\/uploads\/2019\/09\/fts-icon-180x180.png\",\"width\":180,\"height\":180,\"caption\":\"Filter Technik Slovakia\"},\"image\":{\"@id\":\"https:\/\/filtertechnik.sk\/en\/#\/schema\/logo\/image\/\"}}]}<\/script>\n<!-- \/ Yoast SEO plugin. -->","yoast_head_json":{"title":"Monitoring without drive &#8226; Filter Technik Slovakia","robots":{"index":"index","follow":"follow","max-snippet":"max-snippet:-1","max-image-preview":"max-image-preview:large","max-video-preview":"max-video-preview:-1"},"canonical":"https:\/\/filtertechnik.sk\/en\/produkt\/monitoring-without-drive\/","og_locale":"en_US","og_type":"article","og_title":"Monitoring without drive &#8226; Filter Technik Slovakia","og_description":"Online particle monitoring without the drive","og_url":"https:\/\/filtertechnik.sk\/en\/produkt\/monitoring-without-drive\/","og_site_name":"Filter Technik Slovakia","article_modified_time":"2021-10-21T14:58:59+00:00","og_image":[{"width":1440,"height":1440,"url":"https:\/\/filtertechnik.sk\/wp-content\/uploads\/2019\/11\/monitoring-castic-bez-pohonu.jpg","type":"image\/jpeg"}],"twitter_card":"summary_large_image","schema":{"@context":"https:\/\/schema.org","@graph":[{"@type":"WebPage","@id":"https:\/\/filtertechnik.sk\/en\/produkt\/monitoring-without-drive\/","url":"https:\/\/filtertechnik.sk\/en\/produkt\/monitoring-without-drive\/","name":"Monitoring without drive &#8226; Filter Technik Slovakia","isPartOf":{"@id":"https:\/\/filtertechnik.sk\/en\/#website"},"primaryImageOfPage":{"@id":"https:\/\/filtertechnik.sk\/en\/produkt\/monitoring-without-drive\/#primaryimage"},"image":{"@id":"https:\/\/filtertechnik.sk\/en\/produkt\/monitoring-without-drive\/#primaryimage"},"thumbnailUrl":"https:\/\/filtertechnik.sk\/wp-content\/uploads\/2019\/11\/monitoring-castic-bez-pohonu.jpg","datePublished":"2019-11-13T14:37:26+00:00","dateModified":"2021-10-21T14:58:59+00:00","breadcrumb":{"@id":"https:\/\/filtertechnik.sk\/en\/produkt\/monitoring-without-drive\/#breadcrumb"},"inLanguage":"en-US","potentialAction":[{"@type":"ReadAction","target":["https:\/\/filtertechnik.sk\/en\/produkt\/monitoring-without-drive\/"]}]},{"@type":"ImageObject","inLanguage":"en-US","@id":"https:\/\/filtertechnik.sk\/en\/produkt\/monitoring-without-drive\/#primaryimage","url":"https:\/\/filtertechnik.sk\/wp-content\/uploads\/2019\/11\/monitoring-castic-bez-pohonu.jpg","contentUrl":"https:\/\/filtertechnik.sk\/wp-content\/uploads\/2019\/11\/monitoring-castic-bez-pohonu.jpg","width":1440,"height":1440},{"@type":"BreadcrumbList","@id":"https:\/\/filtertechnik.sk\/en\/produkt\/monitoring-without-drive\/#breadcrumb","itemListElement":[{"@type":"ListItem","position":1,"name":"Home","item":"https:\/\/filtertechnik.sk\/en\/"},{"@type":"ListItem","position":2,"name":"Produkt","item":"https:\/\/filtertechnik.sk\/produkty\/produkt\/"},{"@type":"ListItem","position":3,"name":"Monitoring without drive"}]},{"@type":"WebSite","@id":"https:\/\/filtertechnik.sk\/en\/#website","url":"https:\/\/filtertechnik.sk\/en\/","name":"Filter Technik Slovakia","description":"Va\u0161i \u0161pecialisti na filtre, filtr\u00e1ciu a diagnostiku olejov","publisher":{"@id":"https:\/\/filtertechnik.sk\/en\/#organization"},"potentialAction":[{"@type":"SearchAction","target":{"@type":"EntryPoint","urlTemplate":"https:\/\/filtertechnik.sk\/en\/?s={search_term_string}"},"query-input":{"@type":"PropertyValueSpecification","valueRequired":true,"valueName":"search_term_string"}}],"inLanguage":"en-US"},{"@type":"Organization","@id":"https:\/\/filtertechnik.sk\/en\/#organization","name":"Filter Technik Slovakia","url":"https:\/\/filtertechnik.sk\/en\/","logo":{"@type":"ImageObject","inLanguage":"en-US","@id":"https:\/\/filtertechnik.sk\/en\/#\/schema\/logo\/image\/","url":"https:\/\/filtertechnik.sk\/wp-content\/uploads\/2019\/09\/fts-icon-180x180.png","contentUrl":"https:\/\/filtertechnik.sk\/wp-content\/uploads\/2019\/09\/fts-icon-180x180.png","width":180,"height":180,"caption":"Filter Technik Slovakia"},"image":{"@id":"https:\/\/filtertechnik.sk\/en\/#\/schema\/logo\/image\/"}}]}},"_links":{"self":[{"href":"https:\/\/filtertechnik.sk\/en\/wp-json\/wp\/v2\/product\/1705","targetHints":{"allow":["GET"]}}],"collection":[{"href":"https:\/\/filtertechnik.sk\/en\/wp-json\/wp\/v2\/product"}],"about":[{"href":"https:\/\/filtertechnik.sk\/en\/wp-json\/wp\/v2\/types\/product"}],"wp:featuredmedia":[{"embeddable":true,"href":"https:\/\/filtertechnik.sk\/en\/wp-json\/wp\/v2\/media\/1173"}],"wp:attachment":[{"href":"https:\/\/filtertechnik.sk\/en\/wp-json\/wp\/v2\/media?parent=1705"}],"wp:term":[{"taxonomy":"product_brand","embeddable":true,"href":"https:\/\/filtertechnik.sk\/en\/wp-json\/wp\/v2\/product_brand?post=1705"},{"taxonomy":"product_cat","embeddable":true,"href":"https:\/\/filtertechnik.sk\/en\/wp-json\/wp\/v2\/product_cat?post=1705"},{"taxonomy":"product_tag","embeddable":true,"href":"https:\/\/filtertechnik.sk\/en\/wp-json\/wp\/v2\/product_tag?post=1705"}],"curies":[{"name":"wp","href":"https:\/\/api.w.org\/{rel}","templated":true}]}}