{"id":1674,"date":"2019-11-13T14:47:49","date_gmt":"2019-11-13T13:47:49","guid":{"rendered":"https:\/\/filtertechnik.sk\/produkt\/hygroskopicky-dychaci-filter\/"},"modified":"2021-10-15T12:21:05","modified_gmt":"2021-10-15T10:21:05","slug":"hygroscopic-breathing-filter","status":"publish","type":"product","link":"https:\/\/filtertechnik.sk\/en\/produkt\/hygroscopic-breathing-filter\/","title":{"rendered":"Hygroscopic breathing filter"},"content":{"rendered":"<ul class=\"fts-droplet\">\n<li>prevents atmospheric moisture from penetrating into the oil tank at pressure differences in the tank and outside the tank<\/li>\n<li>traps contaminants from the air drawn in through the breathing plug<\/li>\n<li>captures contaminants up to 3 \u00b5m absolute. (efficiency more than 98%)<\/li>\n<li>offers a visual indication of the state of contamination of the breathing plug<\/li>\n<\/ul>\n","protected":false},"excerpt":{"rendered":"<p>A unique hygroscopic aeration filter, with the ability to remove atmospheric moisture from the air drawn in through the breathing plug. Eliminates moisture and mechanical contamination in industrial tanks such as hydraulic fluid tanks and others.<\/p>\n","protected":false},"featured_media":1171,"template":"","meta":[],"product_brand":[],"product_cat":[133],"product_tag":[],"class_list":{"0":"post-1674","1":"product","2":"type-product","3":"status-publish","4":"has-post-thumbnail","6":"product_cat-tank-breathers","8":"first","9":"instock","10":"shipping-taxable","11":"product-type-simple"},"yoast_head":"<!-- This site is optimized with the Yoast SEO plugin v25.7 - https:\/\/yoast.com\/wordpress\/plugins\/seo\/ -->\n<title>Hygroscopic breathing filter &#8226; Filter Technik Slovakia<\/title>\n<meta name=\"robots\" content=\"index, follow, max-snippet:-1, max-image-preview:large, max-video-preview:-1\" \/>\n<link rel=\"canonical\" href=\"https:\/\/filtertechnik.sk\/en\/produkt\/hygroscopic-breathing-filter\/\" \/>\n<meta property=\"og:locale\" content=\"en_US\" \/>\n<meta property=\"og:type\" content=\"article\" \/>\n<meta property=\"og:title\" content=\"Hygroscopic breathing filter &#8226; Filter Technik Slovakia\" \/>\n<meta property=\"og:description\" content=\"A unique hygroscopic aeration filter, with the ability to remove atmospheric moisture from the air drawn in through the breathing plug. Eliminates moisture and mechanical contamination in industrial tanks such as hydraulic fluid tanks and others.\" \/>\n<meta property=\"og:url\" content=\"https:\/\/filtertechnik.sk\/en\/produkt\/hygroscopic-breathing-filter\/\" \/>\n<meta property=\"og:site_name\" content=\"Filter Technik Slovakia\" \/>\n<meta property=\"article:modified_time\" content=\"2021-10-15T10:21:05+00:00\" \/>\n<meta property=\"og:image\" content=\"https:\/\/filtertechnik.sk\/wp-content\/uploads\/2019\/11\/dychacia-zatka-fts.jpg\" \/>\n\t<meta property=\"og:image:width\" content=\"530\" \/>\n\t<meta property=\"og:image:height\" content=\"530\" \/>\n\t<meta property=\"og:image:type\" content=\"image\/jpeg\" \/>\n<meta name=\"twitter:card\" content=\"summary_large_image\" \/>\n<script type=\"application\/ld+json\" class=\"yoast-schema-graph\">{\"@context\":\"https:\/\/schema.org\",\"@graph\":[{\"@type\":\"WebPage\",\"@id\":\"https:\/\/filtertechnik.sk\/en\/produkt\/hygroscopic-breathing-filter\/\",\"url\":\"https:\/\/filtertechnik.sk\/en\/produkt\/hygroscopic-breathing-filter\/\",\"name\":\"Hygroscopic breathing filter &#8226; Filter Technik Slovakia\",\"isPartOf\":{\"@id\":\"https:\/\/filtertechnik.sk\/en\/#website\"},\"primaryImageOfPage\":{\"@id\":\"https:\/\/filtertechnik.sk\/en\/produkt\/hygroscopic-breathing-filter\/#primaryimage\"},\"image\":{\"@id\":\"https:\/\/filtertechnik.sk\/en\/produkt\/hygroscopic-breathing-filter\/#primaryimage\"},\"thumbnailUrl\":\"https:\/\/filtertechnik.sk\/wp-content\/uploads\/2019\/11\/dychacia-zatka-fts.jpg\",\"datePublished\":\"2019-11-13T13:47:49+00:00\",\"dateModified\":\"2021-10-15T10:21:05+00:00\",\"breadcrumb\":{\"@id\":\"https:\/\/filtertechnik.sk\/en\/produkt\/hygroscopic-breathing-filter\/#breadcrumb\"},\"inLanguage\":\"en-US\",\"potentialAction\":[{\"@type\":\"ReadAction\",\"target\":[\"https:\/\/filtertechnik.sk\/en\/produkt\/hygroscopic-breathing-filter\/\"]}]},{\"@type\":\"ImageObject\",\"inLanguage\":\"en-US\",\"@id\":\"https:\/\/filtertechnik.sk\/en\/produkt\/hygroscopic-breathing-filter\/#primaryimage\",\"url\":\"https:\/\/filtertechnik.sk\/wp-content\/uploads\/2019\/11\/dychacia-zatka-fts.jpg\",\"contentUrl\":\"https:\/\/filtertechnik.sk\/wp-content\/uploads\/2019\/11\/dychacia-zatka-fts.jpg\",\"width\":530,\"height\":530},{\"@type\":\"BreadcrumbList\",\"@id\":\"https:\/\/filtertechnik.sk\/en\/produkt\/hygroscopic-breathing-filter\/#breadcrumb\",\"itemListElement\":[{\"@type\":\"ListItem\",\"position\":1,\"name\":\"Home\",\"item\":\"https:\/\/filtertechnik.sk\/en\/\"},{\"@type\":\"ListItem\",\"position\":2,\"name\":\"Produkt\",\"item\":\"https:\/\/filtertechnik.sk\/produkty\/produkt\/\"},{\"@type\":\"ListItem\",\"position\":3,\"name\":\"Hygroscopic breathing filter\"}]},{\"@type\":\"WebSite\",\"@id\":\"https:\/\/filtertechnik.sk\/en\/#website\",\"url\":\"https:\/\/filtertechnik.sk\/en\/\",\"name\":\"Filter Technik Slovakia\",\"description\":\"Va\u0161i \u0161pecialisti na filtre, filtr\u00e1ciu a diagnostiku olejov\",\"publisher\":{\"@id\":\"https:\/\/filtertechnik.sk\/en\/#organization\"},\"potentialAction\":[{\"@type\":\"SearchAction\",\"target\":{\"@type\":\"EntryPoint\",\"urlTemplate\":\"https:\/\/filtertechnik.sk\/en\/?s={search_term_string}\"},\"query-input\":{\"@type\":\"PropertyValueSpecification\",\"valueRequired\":true,\"valueName\":\"search_term_string\"}}],\"inLanguage\":\"en-US\"},{\"@type\":\"Organization\",\"@id\":\"https:\/\/filtertechnik.sk\/en\/#organization\",\"name\":\"Filter Technik Slovakia\",\"url\":\"https:\/\/filtertechnik.sk\/en\/\",\"logo\":{\"@type\":\"ImageObject\",\"inLanguage\":\"en-US\",\"@id\":\"https:\/\/filtertechnik.sk\/en\/#\/schema\/logo\/image\/\",\"url\":\"https:\/\/filtertechnik.sk\/wp-content\/uploads\/2019\/09\/fts-icon-180x180.png\",\"contentUrl\":\"https:\/\/filtertechnik.sk\/wp-content\/uploads\/2019\/09\/fts-icon-180x180.png\",\"width\":180,\"height\":180,\"caption\":\"Filter Technik Slovakia\"},\"image\":{\"@id\":\"https:\/\/filtertechnik.sk\/en\/#\/schema\/logo\/image\/\"}}]}<\/script>\n<!-- \/ Yoast SEO plugin. -->","yoast_head_json":{"title":"Hygroscopic breathing filter &#8226; Filter Technik Slovakia","robots":{"index":"index","follow":"follow","max-snippet":"max-snippet:-1","max-image-preview":"max-image-preview:large","max-video-preview":"max-video-preview:-1"},"canonical":"https:\/\/filtertechnik.sk\/en\/produkt\/hygroscopic-breathing-filter\/","og_locale":"en_US","og_type":"article","og_title":"Hygroscopic breathing filter &#8226; Filter Technik Slovakia","og_description":"A unique hygroscopic aeration filter, with the ability to remove atmospheric moisture from the air drawn in through the breathing plug. Eliminates moisture and mechanical contamination in industrial tanks such as hydraulic fluid tanks and others.","og_url":"https:\/\/filtertechnik.sk\/en\/produkt\/hygroscopic-breathing-filter\/","og_site_name":"Filter Technik Slovakia","article_modified_time":"2021-10-15T10:21:05+00:00","og_image":[{"width":530,"height":530,"url":"https:\/\/filtertechnik.sk\/wp-content\/uploads\/2019\/11\/dychacia-zatka-fts.jpg","type":"image\/jpeg"}],"twitter_card":"summary_large_image","schema":{"@context":"https:\/\/schema.org","@graph":[{"@type":"WebPage","@id":"https:\/\/filtertechnik.sk\/en\/produkt\/hygroscopic-breathing-filter\/","url":"https:\/\/filtertechnik.sk\/en\/produkt\/hygroscopic-breathing-filter\/","name":"Hygroscopic breathing filter &#8226; Filter Technik Slovakia","isPartOf":{"@id":"https:\/\/filtertechnik.sk\/en\/#website"},"primaryImageOfPage":{"@id":"https:\/\/filtertechnik.sk\/en\/produkt\/hygroscopic-breathing-filter\/#primaryimage"},"image":{"@id":"https:\/\/filtertechnik.sk\/en\/produkt\/hygroscopic-breathing-filter\/#primaryimage"},"thumbnailUrl":"https:\/\/filtertechnik.sk\/wp-content\/uploads\/2019\/11\/dychacia-zatka-fts.jpg","datePublished":"2019-11-13T13:47:49+00:00","dateModified":"2021-10-15T10:21:05+00:00","breadcrumb":{"@id":"https:\/\/filtertechnik.sk\/en\/produkt\/hygroscopic-breathing-filter\/#breadcrumb"},"inLanguage":"en-US","potentialAction":[{"@type":"ReadAction","target":["https:\/\/filtertechnik.sk\/en\/produkt\/hygroscopic-breathing-filter\/"]}]},{"@type":"ImageObject","inLanguage":"en-US","@id":"https:\/\/filtertechnik.sk\/en\/produkt\/hygroscopic-breathing-filter\/#primaryimage","url":"https:\/\/filtertechnik.sk\/wp-content\/uploads\/2019\/11\/dychacia-zatka-fts.jpg","contentUrl":"https:\/\/filtertechnik.sk\/wp-content\/uploads\/2019\/11\/dychacia-zatka-fts.jpg","width":530,"height":530},{"@type":"BreadcrumbList","@id":"https:\/\/filtertechnik.sk\/en\/produkt\/hygroscopic-breathing-filter\/#breadcrumb","itemListElement":[{"@type":"ListItem","position":1,"name":"Home","item":"https:\/\/filtertechnik.sk\/en\/"},{"@type":"ListItem","position":2,"name":"Produkt","item":"https:\/\/filtertechnik.sk\/produkty\/produkt\/"},{"@type":"ListItem","position":3,"name":"Hygroscopic breathing filter"}]},{"@type":"WebSite","@id":"https:\/\/filtertechnik.sk\/en\/#website","url":"https:\/\/filtertechnik.sk\/en\/","name":"Filter Technik Slovakia","description":"Va\u0161i \u0161pecialisti na filtre, filtr\u00e1ciu a diagnostiku olejov","publisher":{"@id":"https:\/\/filtertechnik.sk\/en\/#organization"},"potentialAction":[{"@type":"SearchAction","target":{"@type":"EntryPoint","urlTemplate":"https:\/\/filtertechnik.sk\/en\/?s={search_term_string}"},"query-input":{"@type":"PropertyValueSpecification","valueRequired":true,"valueName":"search_term_string"}}],"inLanguage":"en-US"},{"@type":"Organization","@id":"https:\/\/filtertechnik.sk\/en\/#organization","name":"Filter Technik Slovakia","url":"https:\/\/filtertechnik.sk\/en\/","logo":{"@type":"ImageObject","inLanguage":"en-US","@id":"https:\/\/filtertechnik.sk\/en\/#\/schema\/logo\/image\/","url":"https:\/\/filtertechnik.sk\/wp-content\/uploads\/2019\/09\/fts-icon-180x180.png","contentUrl":"https:\/\/filtertechnik.sk\/wp-content\/uploads\/2019\/09\/fts-icon-180x180.png","width":180,"height":180,"caption":"Filter Technik Slovakia"},"image":{"@id":"https:\/\/filtertechnik.sk\/en\/#\/schema\/logo\/image\/"}}]}},"_links":{"self":[{"href":"https:\/\/filtertechnik.sk\/en\/wp-json\/wp\/v2\/product\/1674","targetHints":{"allow":["GET"]}}],"collection":[{"href":"https:\/\/filtertechnik.sk\/en\/wp-json\/wp\/v2\/product"}],"about":[{"href":"https:\/\/filtertechnik.sk\/en\/wp-json\/wp\/v2\/types\/product"}],"wp:featuredmedia":[{"embeddable":true,"href":"https:\/\/filtertechnik.sk\/en\/wp-json\/wp\/v2\/media\/1171"}],"wp:attachment":[{"href":"https:\/\/filtertechnik.sk\/en\/wp-json\/wp\/v2\/media?parent=1674"}],"wp:term":[{"taxonomy":"product_brand","embeddable":true,"href":"https:\/\/filtertechnik.sk\/en\/wp-json\/wp\/v2\/product_brand?post=1674"},{"taxonomy":"product_cat","embeddable":true,"href":"https:\/\/filtertechnik.sk\/en\/wp-json\/wp\/v2\/product_cat?post=1674"},{"taxonomy":"product_tag","embeddable":true,"href":"https:\/\/filtertechnik.sk\/en\/wp-json\/wp\/v2\/product_tag?post=1674"}],"curies":[{"name":"wp","href":"https:\/\/api.w.org\/{rel}","templated":true}]}}