{"id":1667,"date":"2019-11-04T16:58:52","date_gmt":"2019-11-04T15:58:52","guid":{"rendered":"https:\/\/filtertechnik.sk\/produkt\/fa-1-seria\/"},"modified":"2021-10-14T08:29:47","modified_gmt":"2021-10-14T06:29:47","slug":"fa-1-series","status":"publish","type":"product","link":"https:\/\/filtertechnik.sk\/en\/produkt\/fa-1-series\/","title":{"rendered":"FA-1 series"},"content":{"rendered":"<p><strong>Pressure:<\/strong><br \/>\nMax. operating: 12 bar<br \/>\nBurst: 20 bar<\/p>\n<p><strong>Connection ports:<\/strong><br \/>\nG 3\/4\u201d &#8211; 1 1\/2\u201d<\/p>\n<p><strong>Materials:<\/strong><br \/>\nHead: aluminium alloy<br \/>\nBowl: painted steel<br \/>\nSeal: NBR<\/p>\n<p><strong>By-pass:<\/strong><br \/>\nNo by-pass or:<br \/>\n&#8211; 0,25 bar setting (suction)<br \/>\n&#8211; 1,7 bar setting (return)<\/p>\n<p><strong>Filter media:<\/strong><br \/>\nInorganic microfiter: G03 \u2013 G06 \u2013 G10 \u2013 G25<br \/>\nPaper: C10 \u2013 C25<br \/>\nWire mesh: T60 \u2013 T125<\/p>\n<p><strong>Differential collapse pressure:<\/strong><br \/>\n5 bar<\/p>\n<p><strong>Operating temperature range:<\/strong><br \/>\n-25\u00b0C + 120\u00b0C<\/p>\n<p><strong>Fluid compatibility:<\/strong><br \/>\nFull with\u00a0HH-HL-HM-HV (acc. To ISO 2943)<\/p>\n","protected":false},"excerpt":{"rendered":"<p>Inline filters with spin-on cartridge, suitable for use on suction, return or low pressure line.<\/p>\n<p>Available with or without bypass, indicator port is a\u00a0standard option to fit a\u00a0visual or electrical indicator.<\/p>\n","protected":false},"featured_media":1156,"template":"","meta":[],"product_brand":[],"product_cat":[130,131,132],"product_tag":[],"class_list":{"0":"post-1667","1":"product","2":"type-product","3":"status-publish","4":"has-post-thumbnail","6":"product_cat-suction-filters","7":"product_cat-inline-filters","8":"product_cat-return-filters","10":"first","11":"instock","12":"shipping-taxable","13":"product-type-simple"},"yoast_head":"<!-- This site is optimized with the Yoast SEO plugin v25.7 - https:\/\/yoast.com\/wordpress\/plugins\/seo\/ -->\n<title>FA-1 series &#8226; Filter Technik Slovakia<\/title>\n<meta name=\"robots\" content=\"index, follow, max-snippet:-1, max-image-preview:large, max-video-preview:-1\" \/>\n<link rel=\"canonical\" href=\"https:\/\/filtertechnik.sk\/en\/produkt\/fa-1-series\/\" \/>\n<meta property=\"og:locale\" content=\"en_US\" \/>\n<meta property=\"og:type\" content=\"article\" \/>\n<meta property=\"og:title\" content=\"FA-1 series &#8226; Filter Technik Slovakia\" \/>\n<meta property=\"og:description\" content=\"Inline filters with spin-on cartridge, suitable for use on suction, return or low pressure line.  Available with or without bypass, indicator port is a\u00a0standard option to fit a\u00a0visual or electrical indicator.\" \/>\n<meta property=\"og:url\" content=\"https:\/\/filtertechnik.sk\/en\/produkt\/fa-1-series\/\" \/>\n<meta property=\"og:site_name\" content=\"Filter Technik Slovakia\" \/>\n<meta property=\"article:modified_time\" content=\"2021-10-14T06:29:47+00:00\" \/>\n<meta property=\"og:image\" content=\"https:\/\/filtertechnik.sk\/wp-content\/uploads\/2019\/11\/fa1-series.jpg\" \/>\n\t<meta property=\"og:image:width\" content=\"411\" \/>\n\t<meta property=\"og:image:height\" content=\"411\" \/>\n\t<meta property=\"og:image:type\" content=\"image\/jpeg\" \/>\n<meta name=\"twitter:card\" content=\"summary_large_image\" \/>\n<script type=\"application\/ld+json\" class=\"yoast-schema-graph\">{\"@context\":\"https:\/\/schema.org\",\"@graph\":[{\"@type\":\"WebPage\",\"@id\":\"https:\/\/filtertechnik.sk\/en\/produkt\/fa-1-series\/\",\"url\":\"https:\/\/filtertechnik.sk\/en\/produkt\/fa-1-series\/\",\"name\":\"FA-1 series &#8226; Filter Technik Slovakia\",\"isPartOf\":{\"@id\":\"https:\/\/filtertechnik.sk\/en\/#website\"},\"primaryImageOfPage\":{\"@id\":\"https:\/\/filtertechnik.sk\/en\/produkt\/fa-1-series\/#primaryimage\"},\"image\":{\"@id\":\"https:\/\/filtertechnik.sk\/en\/produkt\/fa-1-series\/#primaryimage\"},\"thumbnailUrl\":\"https:\/\/filtertechnik.sk\/wp-content\/uploads\/2019\/11\/fa1-series.jpg\",\"datePublished\":\"2019-11-04T15:58:52+00:00\",\"dateModified\":\"2021-10-14T06:29:47+00:00\",\"breadcrumb\":{\"@id\":\"https:\/\/filtertechnik.sk\/en\/produkt\/fa-1-series\/#breadcrumb\"},\"inLanguage\":\"en-US\",\"potentialAction\":[{\"@type\":\"ReadAction\",\"target\":[\"https:\/\/filtertechnik.sk\/en\/produkt\/fa-1-series\/\"]}]},{\"@type\":\"ImageObject\",\"inLanguage\":\"en-US\",\"@id\":\"https:\/\/filtertechnik.sk\/en\/produkt\/fa-1-series\/#primaryimage\",\"url\":\"https:\/\/filtertechnik.sk\/wp-content\/uploads\/2019\/11\/fa1-series.jpg\",\"contentUrl\":\"https:\/\/filtertechnik.sk\/wp-content\/uploads\/2019\/11\/fa1-series.jpg\",\"width\":411,\"height\":411},{\"@type\":\"BreadcrumbList\",\"@id\":\"https:\/\/filtertechnik.sk\/en\/produkt\/fa-1-series\/#breadcrumb\",\"itemListElement\":[{\"@type\":\"ListItem\",\"position\":1,\"name\":\"Home\",\"item\":\"https:\/\/filtertechnik.sk\/en\/\"},{\"@type\":\"ListItem\",\"position\":2,\"name\":\"Produkt\",\"item\":\"https:\/\/filtertechnik.sk\/produkty\/produkt\/\"},{\"@type\":\"ListItem\",\"position\":3,\"name\":\"FA-1 series\"}]},{\"@type\":\"WebSite\",\"@id\":\"https:\/\/filtertechnik.sk\/en\/#website\",\"url\":\"https:\/\/filtertechnik.sk\/en\/\",\"name\":\"Filter Technik Slovakia\",\"description\":\"Va\u0161i \u0161pecialisti na filtre, filtr\u00e1ciu a diagnostiku olejov\",\"publisher\":{\"@id\":\"https:\/\/filtertechnik.sk\/en\/#organization\"},\"potentialAction\":[{\"@type\":\"SearchAction\",\"target\":{\"@type\":\"EntryPoint\",\"urlTemplate\":\"https:\/\/filtertechnik.sk\/en\/?s={search_term_string}\"},\"query-input\":{\"@type\":\"PropertyValueSpecification\",\"valueRequired\":true,\"valueName\":\"search_term_string\"}}],\"inLanguage\":\"en-US\"},{\"@type\":\"Organization\",\"@id\":\"https:\/\/filtertechnik.sk\/en\/#organization\",\"name\":\"Filter Technik Slovakia\",\"url\":\"https:\/\/filtertechnik.sk\/en\/\",\"logo\":{\"@type\":\"ImageObject\",\"inLanguage\":\"en-US\",\"@id\":\"https:\/\/filtertechnik.sk\/en\/#\/schema\/logo\/image\/\",\"url\":\"https:\/\/filtertechnik.sk\/wp-content\/uploads\/2019\/09\/fts-icon-180x180.png\",\"contentUrl\":\"https:\/\/filtertechnik.sk\/wp-content\/uploads\/2019\/09\/fts-icon-180x180.png\",\"width\":180,\"height\":180,\"caption\":\"Filter Technik Slovakia\"},\"image\":{\"@id\":\"https:\/\/filtertechnik.sk\/en\/#\/schema\/logo\/image\/\"}}]}<\/script>\n<!-- \/ Yoast SEO plugin. -->","yoast_head_json":{"title":"FA-1 series &#8226; Filter Technik Slovakia","robots":{"index":"index","follow":"follow","max-snippet":"max-snippet:-1","max-image-preview":"max-image-preview:large","max-video-preview":"max-video-preview:-1"},"canonical":"https:\/\/filtertechnik.sk\/en\/produkt\/fa-1-series\/","og_locale":"en_US","og_type":"article","og_title":"FA-1 series &#8226; Filter Technik Slovakia","og_description":"Inline filters with spin-on cartridge, suitable for use on suction, return or low pressure line.  Available with or without bypass, indicator port is a\u00a0standard option to fit a\u00a0visual or electrical indicator.","og_url":"https:\/\/filtertechnik.sk\/en\/produkt\/fa-1-series\/","og_site_name":"Filter Technik Slovakia","article_modified_time":"2021-10-14T06:29:47+00:00","og_image":[{"width":411,"height":411,"url":"https:\/\/filtertechnik.sk\/wp-content\/uploads\/2019\/11\/fa1-series.jpg","type":"image\/jpeg"}],"twitter_card":"summary_large_image","schema":{"@context":"https:\/\/schema.org","@graph":[{"@type":"WebPage","@id":"https:\/\/filtertechnik.sk\/en\/produkt\/fa-1-series\/","url":"https:\/\/filtertechnik.sk\/en\/produkt\/fa-1-series\/","name":"FA-1 series &#8226; Filter Technik Slovakia","isPartOf":{"@id":"https:\/\/filtertechnik.sk\/en\/#website"},"primaryImageOfPage":{"@id":"https:\/\/filtertechnik.sk\/en\/produkt\/fa-1-series\/#primaryimage"},"image":{"@id":"https:\/\/filtertechnik.sk\/en\/produkt\/fa-1-series\/#primaryimage"},"thumbnailUrl":"https:\/\/filtertechnik.sk\/wp-content\/uploads\/2019\/11\/fa1-series.jpg","datePublished":"2019-11-04T15:58:52+00:00","dateModified":"2021-10-14T06:29:47+00:00","breadcrumb":{"@id":"https:\/\/filtertechnik.sk\/en\/produkt\/fa-1-series\/#breadcrumb"},"inLanguage":"en-US","potentialAction":[{"@type":"ReadAction","target":["https:\/\/filtertechnik.sk\/en\/produkt\/fa-1-series\/"]}]},{"@type":"ImageObject","inLanguage":"en-US","@id":"https:\/\/filtertechnik.sk\/en\/produkt\/fa-1-series\/#primaryimage","url":"https:\/\/filtertechnik.sk\/wp-content\/uploads\/2019\/11\/fa1-series.jpg","contentUrl":"https:\/\/filtertechnik.sk\/wp-content\/uploads\/2019\/11\/fa1-series.jpg","width":411,"height":411},{"@type":"BreadcrumbList","@id":"https:\/\/filtertechnik.sk\/en\/produkt\/fa-1-series\/#breadcrumb","itemListElement":[{"@type":"ListItem","position":1,"name":"Home","item":"https:\/\/filtertechnik.sk\/en\/"},{"@type":"ListItem","position":2,"name":"Produkt","item":"https:\/\/filtertechnik.sk\/produkty\/produkt\/"},{"@type":"ListItem","position":3,"name":"FA-1 series"}]},{"@type":"WebSite","@id":"https:\/\/filtertechnik.sk\/en\/#website","url":"https:\/\/filtertechnik.sk\/en\/","name":"Filter Technik Slovakia","description":"Va\u0161i \u0161pecialisti na filtre, filtr\u00e1ciu a diagnostiku olejov","publisher":{"@id":"https:\/\/filtertechnik.sk\/en\/#organization"},"potentialAction":[{"@type":"SearchAction","target":{"@type":"EntryPoint","urlTemplate":"https:\/\/filtertechnik.sk\/en\/?s={search_term_string}"},"query-input":{"@type":"PropertyValueSpecification","valueRequired":true,"valueName":"search_term_string"}}],"inLanguage":"en-US"},{"@type":"Organization","@id":"https:\/\/filtertechnik.sk\/en\/#organization","name":"Filter Technik Slovakia","url":"https:\/\/filtertechnik.sk\/en\/","logo":{"@type":"ImageObject","inLanguage":"en-US","@id":"https:\/\/filtertechnik.sk\/en\/#\/schema\/logo\/image\/","url":"https:\/\/filtertechnik.sk\/wp-content\/uploads\/2019\/09\/fts-icon-180x180.png","contentUrl":"https:\/\/filtertechnik.sk\/wp-content\/uploads\/2019\/09\/fts-icon-180x180.png","width":180,"height":180,"caption":"Filter Technik Slovakia"},"image":{"@id":"https:\/\/filtertechnik.sk\/en\/#\/schema\/logo\/image\/"}}]}},"_links":{"self":[{"href":"https:\/\/filtertechnik.sk\/en\/wp-json\/wp\/v2\/product\/1667","targetHints":{"allow":["GET"]}}],"collection":[{"href":"https:\/\/filtertechnik.sk\/en\/wp-json\/wp\/v2\/product"}],"about":[{"href":"https:\/\/filtertechnik.sk\/en\/wp-json\/wp\/v2\/types\/product"}],"wp:featuredmedia":[{"embeddable":true,"href":"https:\/\/filtertechnik.sk\/en\/wp-json\/wp\/v2\/media\/1156"}],"wp:attachment":[{"href":"https:\/\/filtertechnik.sk\/en\/wp-json\/wp\/v2\/media?parent=1667"}],"wp:term":[{"taxonomy":"product_brand","embeddable":true,"href":"https:\/\/filtertechnik.sk\/en\/wp-json\/wp\/v2\/product_brand?post=1667"},{"taxonomy":"product_cat","embeddable":true,"href":"https:\/\/filtertechnik.sk\/en\/wp-json\/wp\/v2\/product_cat?post=1667"},{"taxonomy":"product_tag","embeddable":true,"href":"https:\/\/filtertechnik.sk\/en\/wp-json\/wp\/v2\/product_tag?post=1667"}],"curies":[{"name":"wp","href":"https:\/\/api.w.org\/{rel}","templated":true}]}}