{"id":1719,"date":"2020-11-18T14:16:53","date_gmt":"2020-11-18T13:16:53","guid":{"rendered":"https:\/\/filtertechnik.sk\/tribodiagnostics\/analyza-procesnych-kvapalin\/"},"modified":"2021-10-22T10:50:41","modified_gmt":"2021-10-22T08:50:41","slug":"analysis-of-process-fluids","status":"publish","type":"page","link":"https:\/\/filtertechnik.sk\/en\/tribodiagnostics\/analysis-of-process-fluids\/","title":{"rendered":"Analysis of Process Fluids"},"content":{"rendered":"\n<h5 class=\"wp-block-heading\">Odpor\u00fa\u010dan\u00e9 anal\u00fdzy pre jednotliv\u00e9 typy procesn\u00fdch kvapal\u00edn a olejov&nbsp;&nbsp;<\/h5>\n\n\n\n<figure class=\"wp-block-table\"><table><tbody><tr><td>&nbsp;<\/td><td>Hydraulick\u00e9 oleje&nbsp;<\/td><td>Turb\u00ednov\u00e9 oleje&nbsp;<\/td><td>Prevodov\u00e9 oleje&nbsp;<\/td><td>Kompresorov\u00e9 oleje&nbsp;<\/td><td>Motorov\u00e9 oleje&nbsp;<\/td><td>Procesn\u00e9 kvapaliny na b\u00e1ze vody&nbsp;<\/td><\/tr><tr><td>K\u00f3d \u010distoty NAS 1638\/ISO 4406&nbsp;<\/td><td>&nbsp;\u2714\ufe0f<\/td><td>&nbsp;\u2714\ufe0f<\/td><td>&nbsp;\u2714\ufe0f<\/td><td>&nbsp;\u2714\ufe0f<\/td><td>&nbsp;&#8211;&nbsp;<\/td><td>&nbsp;&#8211;&nbsp;<\/td><\/tr><tr><td>Obsah kontaminantov gravimetricky&nbsp;<\/td><td>&nbsp;&#8211;&nbsp;<\/td><td>&nbsp;&#8211;&nbsp;<\/td><td>&nbsp;\u2714\ufe0f<\/td><td>&nbsp; &#8211;&nbsp;<\/td><td>&nbsp;\u2714\ufe0f<\/td><td>&nbsp;\u2714\ufe0f<\/td><\/tr><tr><td>Kinematick\u00e1 viskozita 40\u00b0 C&nbsp;<\/td><td>&nbsp;\u2714\ufe0f<\/td><td>&nbsp;\u2714\ufe0f<\/td><td>&nbsp;\u2714\ufe0f<\/td><td>&nbsp;\u2714\ufe0f<\/td><td>&nbsp;\u2714\ufe0f<\/td><td>&nbsp;&#8211;&nbsp;<\/td><\/tr><tr><td>Kinematick\u00e1 viskozita 100\u00b0 C&nbsp;<\/td><td>&nbsp;&#8211;&nbsp;<\/td><td>&nbsp;&#8211;&nbsp;<\/td><td>&nbsp;\u2714\ufe0f<\/td><td>&nbsp;\u2714\ufe0f<\/td><td>&nbsp;\u2714\ufe0f<\/td><td>&nbsp;&#8211;&nbsp;<\/td><\/tr><tr><td>Obsah vody&nbsp;Coulometricky&nbsp;&nbsp;<\/td><td>&nbsp;\u2714\ufe0f<\/td><td>&nbsp;\u2714\ufe0f<\/td><td>&nbsp;\u2714\ufe0f<\/td><td>&nbsp;\u2714\ufe0f<\/td><td>&#8211;&nbsp;<\/td><td>&nbsp;&#8211;&nbsp;<\/td><\/tr><tr><td>Obsah vody I\u010c spektrum&nbsp;<\/td><td>&nbsp;&#8211;&nbsp;<\/td><td>&nbsp;&#8211;&nbsp;<\/td><td>&nbsp;&#8211;&nbsp;<\/td><td>&nbsp; &#8211;&nbsp;<\/td><td>&nbsp;\u2714\ufe0f<\/td><td>&nbsp;&#8211;&nbsp;<\/td><\/tr><tr><td>Infra\u010derven\u00e1 spektrometria&nbsp;&nbsp;(degrad\u00e1cia, antioxidant&nbsp;)&nbsp;<\/td><td>&nbsp;\u2714\ufe0f<\/td><td>&nbsp;\u2714\ufe0f<\/td><td>&nbsp;\u2714\ufe0f<\/td><td>&nbsp;\u2714\ufe0f<\/td><td>&nbsp;\u2714\ufe0f<\/td><td>&nbsp;&#8211;&nbsp;<\/td><\/tr><tr><td>TAN&nbsp;&nbsp;<\/td><td>&nbsp;\u2714\ufe0f<\/td><td>&nbsp;\u2714\ufe0f<\/td><td>&nbsp;&#8211;&nbsp;<\/td><td>&nbsp;\u2714\ufe0f<\/td><td>&nbsp;\u2714\ufe0f<\/td><td>&nbsp;&#8211;&nbsp;<\/td><\/tr><tr><td>TBN&nbsp;<\/td><td>&nbsp;&#8211;&nbsp;<\/td><td>&nbsp;&#8211;&nbsp;<\/td><td>&nbsp;&#8211;&nbsp;<\/td><td>&nbsp;&#8211;&nbsp;<\/td><td>&nbsp;\u2714\ufe0f<\/td><td>&nbsp;&#8211;&nbsp;<\/td><\/tr><tr><td>Obsah prvkov ED-XRF&nbsp;<\/td><td>&nbsp;\u2714\ufe0f<\/td><td>&nbsp;\u2714\ufe0f<\/td><td>&nbsp;\u2714\ufe0f<\/td><td>&nbsp;\u2714\ufe0f<\/td><td>&nbsp;\u2714\ufe0f<\/td><td>&nbsp;\u2714\ufe0f<\/td><\/tr><\/tbody><\/table><\/figure>\n","protected":false},"excerpt":{"rendered":"<p>Odpor\u00fa\u010dan\u00e9 anal\u00fdzy pre jednotliv\u00e9 typy procesn\u00fdch kvapal\u00edn a olejov&nbsp;&nbsp; &nbsp; Hydraulick\u00e9 oleje&nbsp; Turb\u00ednov\u00e9 oleje&nbsp; Prevodov\u00e9 oleje&nbsp; Kompresorov\u00e9 oleje&nbsp; Motorov\u00e9 oleje&nbsp; Procesn\u00e9 kvapaliny na b\u00e1ze vody&nbsp; K\u00f3d<span class=\"excerpt-hellip\"> [\u2026]<\/span><\/p>\n","protected":false},"author":1,"featured_media":0,"parent":1716,"menu_order":0,"comment_status":"closed","ping_status":"closed","template":"","meta":{"footnotes":""},"class_list":["post-1719","page","type-page","status-publish","hentry"],"yoast_head":"<!-- This site is optimized with the Yoast SEO plugin v25.7 - https:\/\/yoast.com\/wordpress\/plugins\/seo\/ -->\n<title>Analysis of Process Fluids &#8226; Filter Technik Slovakia<\/title>\n<meta name=\"robots\" content=\"index, follow, max-snippet:-1, max-image-preview:large, max-video-preview:-1\" \/>\n<link rel=\"canonical\" href=\"https:\/\/filtertechnik.sk\/en\/tribodiagnostics\/analysis-of-process-fluids\/\" \/>\n<meta property=\"og:locale\" content=\"en_US\" \/>\n<meta property=\"og:type\" content=\"article\" \/>\n<meta property=\"og:title\" content=\"Analysis of Process Fluids &#8226; Filter Technik Slovakia\" \/>\n<meta property=\"og:description\" content=\"Odpor\u00fa\u010dan\u00e9 anal\u00fdzy pre jednotliv\u00e9 typy procesn\u00fdch kvapal\u00edn a olejov&nbsp;&nbsp; &nbsp; Hydraulick\u00e9 oleje&nbsp; Turb\u00ednov\u00e9 oleje&nbsp; Prevodov\u00e9 oleje&nbsp; Kompresorov\u00e9 oleje&nbsp; Motorov\u00e9 oleje&nbsp; Procesn\u00e9 kvapaliny na b\u00e1ze vody&nbsp; K\u00f3d [\u2026]\" \/>\n<meta property=\"og:url\" content=\"https:\/\/filtertechnik.sk\/en\/tribodiagnostics\/analysis-of-process-fluids\/\" \/>\n<meta property=\"og:site_name\" content=\"Filter Technik Slovakia\" \/>\n<meta property=\"article:modified_time\" content=\"2021-10-22T08:50:41+00:00\" \/>\n<meta name=\"twitter:card\" content=\"summary_large_image\" \/>\n<meta name=\"twitter:label1\" content=\"Est. reading time\" \/>\n\t<meta name=\"twitter:data1\" content=\"1 minute\" \/>\n<script type=\"application\/ld+json\" class=\"yoast-schema-graph\">{\"@context\":\"https:\/\/schema.org\",\"@graph\":[{\"@type\":\"WebPage\",\"@id\":\"https:\/\/filtertechnik.sk\/en\/tribodiagnostics\/analysis-of-process-fluids\/\",\"url\":\"https:\/\/filtertechnik.sk\/en\/tribodiagnostics\/analysis-of-process-fluids\/\",\"name\":\"Analysis of Process Fluids &#8226; Filter Technik Slovakia\",\"isPartOf\":{\"@id\":\"https:\/\/filtertechnik.sk\/en\/#website\"},\"datePublished\":\"2020-11-18T13:16:53+00:00\",\"dateModified\":\"2021-10-22T08:50:41+00:00\",\"breadcrumb\":{\"@id\":\"https:\/\/filtertechnik.sk\/en\/tribodiagnostics\/analysis-of-process-fluids\/#breadcrumb\"},\"inLanguage\":\"en-US\",\"potentialAction\":[{\"@type\":\"ReadAction\",\"target\":[\"https:\/\/filtertechnik.sk\/en\/tribodiagnostics\/analysis-of-process-fluids\/\"]}]},{\"@type\":\"BreadcrumbList\",\"@id\":\"https:\/\/filtertechnik.sk\/en\/tribodiagnostics\/analysis-of-process-fluids\/#breadcrumb\",\"itemListElement\":[{\"@type\":\"ListItem\",\"position\":1,\"name\":\"Home\",\"item\":\"https:\/\/filtertechnik.sk\/en\/\"},{\"@type\":\"ListItem\",\"position\":2,\"name\":\"Tribodiagnostics\",\"item\":\"https:\/\/filtertechnik.sk\/en\/tribodiagnostics\/\"},{\"@type\":\"ListItem\",\"position\":3,\"name\":\"Analysis of Process Fluids\"}]},{\"@type\":\"WebSite\",\"@id\":\"https:\/\/filtertechnik.sk\/en\/#website\",\"url\":\"https:\/\/filtertechnik.sk\/en\/\",\"name\":\"Filter Technik Slovakia\",\"description\":\"Va\u0161i \u0161pecialisti na filtre, filtr\u00e1ciu a diagnostiku olejov\",\"publisher\":{\"@id\":\"https:\/\/filtertechnik.sk\/en\/#organization\"},\"potentialAction\":[{\"@type\":\"SearchAction\",\"target\":{\"@type\":\"EntryPoint\",\"urlTemplate\":\"https:\/\/filtertechnik.sk\/en\/?s={search_term_string}\"},\"query-input\":{\"@type\":\"PropertyValueSpecification\",\"valueRequired\":true,\"valueName\":\"search_term_string\"}}],\"inLanguage\":\"en-US\"},{\"@type\":\"Organization\",\"@id\":\"https:\/\/filtertechnik.sk\/en\/#organization\",\"name\":\"Filter Technik Slovakia\",\"url\":\"https:\/\/filtertechnik.sk\/en\/\",\"logo\":{\"@type\":\"ImageObject\",\"inLanguage\":\"en-US\",\"@id\":\"https:\/\/filtertechnik.sk\/en\/#\/schema\/logo\/image\/\",\"url\":\"https:\/\/filtertechnik.sk\/wp-content\/uploads\/2019\/09\/fts-icon-180x180.png\",\"contentUrl\":\"https:\/\/filtertechnik.sk\/wp-content\/uploads\/2019\/09\/fts-icon-180x180.png\",\"width\":180,\"height\":180,\"caption\":\"Filter Technik Slovakia\"},\"image\":{\"@id\":\"https:\/\/filtertechnik.sk\/en\/#\/schema\/logo\/image\/\"}}]}<\/script>\n<!-- \/ Yoast SEO plugin. -->","yoast_head_json":{"title":"Analysis of Process Fluids &#8226; Filter Technik Slovakia","robots":{"index":"index","follow":"follow","max-snippet":"max-snippet:-1","max-image-preview":"max-image-preview:large","max-video-preview":"max-video-preview:-1"},"canonical":"https:\/\/filtertechnik.sk\/en\/tribodiagnostics\/analysis-of-process-fluids\/","og_locale":"en_US","og_type":"article","og_title":"Analysis of Process Fluids &#8226; Filter Technik Slovakia","og_description":"Odpor\u00fa\u010dan\u00e9 anal\u00fdzy pre jednotliv\u00e9 typy procesn\u00fdch kvapal\u00edn a olejov&nbsp;&nbsp; &nbsp; Hydraulick\u00e9 oleje&nbsp; Turb\u00ednov\u00e9 oleje&nbsp; Prevodov\u00e9 oleje&nbsp; Kompresorov\u00e9 oleje&nbsp; Motorov\u00e9 oleje&nbsp; Procesn\u00e9 kvapaliny na b\u00e1ze vody&nbsp; K\u00f3d [\u2026]","og_url":"https:\/\/filtertechnik.sk\/en\/tribodiagnostics\/analysis-of-process-fluids\/","og_site_name":"Filter Technik Slovakia","article_modified_time":"2021-10-22T08:50:41+00:00","twitter_card":"summary_large_image","twitter_misc":{"Est. reading time":"1 minute"},"schema":{"@context":"https:\/\/schema.org","@graph":[{"@type":"WebPage","@id":"https:\/\/filtertechnik.sk\/en\/tribodiagnostics\/analysis-of-process-fluids\/","url":"https:\/\/filtertechnik.sk\/en\/tribodiagnostics\/analysis-of-process-fluids\/","name":"Analysis of Process Fluids &#8226; Filter Technik Slovakia","isPartOf":{"@id":"https:\/\/filtertechnik.sk\/en\/#website"},"datePublished":"2020-11-18T13:16:53+00:00","dateModified":"2021-10-22T08:50:41+00:00","breadcrumb":{"@id":"https:\/\/filtertechnik.sk\/en\/tribodiagnostics\/analysis-of-process-fluids\/#breadcrumb"},"inLanguage":"en-US","potentialAction":[{"@type":"ReadAction","target":["https:\/\/filtertechnik.sk\/en\/tribodiagnostics\/analysis-of-process-fluids\/"]}]},{"@type":"BreadcrumbList","@id":"https:\/\/filtertechnik.sk\/en\/tribodiagnostics\/analysis-of-process-fluids\/#breadcrumb","itemListElement":[{"@type":"ListItem","position":1,"name":"Home","item":"https:\/\/filtertechnik.sk\/en\/"},{"@type":"ListItem","position":2,"name":"Tribodiagnostics","item":"https:\/\/filtertechnik.sk\/en\/tribodiagnostics\/"},{"@type":"ListItem","position":3,"name":"Analysis of Process Fluids"}]},{"@type":"WebSite","@id":"https:\/\/filtertechnik.sk\/en\/#website","url":"https:\/\/filtertechnik.sk\/en\/","name":"Filter Technik Slovakia","description":"Va\u0161i \u0161pecialisti na filtre, filtr\u00e1ciu a diagnostiku olejov","publisher":{"@id":"https:\/\/filtertechnik.sk\/en\/#organization"},"potentialAction":[{"@type":"SearchAction","target":{"@type":"EntryPoint","urlTemplate":"https:\/\/filtertechnik.sk\/en\/?s={search_term_string}"},"query-input":{"@type":"PropertyValueSpecification","valueRequired":true,"valueName":"search_term_string"}}],"inLanguage":"en-US"},{"@type":"Organization","@id":"https:\/\/filtertechnik.sk\/en\/#organization","name":"Filter Technik Slovakia","url":"https:\/\/filtertechnik.sk\/en\/","logo":{"@type":"ImageObject","inLanguage":"en-US","@id":"https:\/\/filtertechnik.sk\/en\/#\/schema\/logo\/image\/","url":"https:\/\/filtertechnik.sk\/wp-content\/uploads\/2019\/09\/fts-icon-180x180.png","contentUrl":"https:\/\/filtertechnik.sk\/wp-content\/uploads\/2019\/09\/fts-icon-180x180.png","width":180,"height":180,"caption":"Filter Technik Slovakia"},"image":{"@id":"https:\/\/filtertechnik.sk\/en\/#\/schema\/logo\/image\/"}}]}},"_links":{"self":[{"href":"https:\/\/filtertechnik.sk\/en\/wp-json\/wp\/v2\/pages\/1719","targetHints":{"allow":["GET"]}}],"collection":[{"href":"https:\/\/filtertechnik.sk\/en\/wp-json\/wp\/v2\/pages"}],"about":[{"href":"https:\/\/filtertechnik.sk\/en\/wp-json\/wp\/v2\/types\/page"}],"author":[{"embeddable":true,"href":"https:\/\/filtertechnik.sk\/en\/wp-json\/wp\/v2\/users\/1"}],"replies":[{"embeddable":true,"href":"https:\/\/filtertechnik.sk\/en\/wp-json\/wp\/v2\/comments?post=1719"}],"version-history":[{"count":1,"href":"https:\/\/filtertechnik.sk\/en\/wp-json\/wp\/v2\/pages\/1719\/revisions"}],"predecessor-version":[{"id":1721,"href":"https:\/\/filtertechnik.sk\/en\/wp-json\/wp\/v2\/pages\/1719\/revisions\/1721"}],"up":[{"embeddable":true,"href":"https:\/\/filtertechnik.sk\/en\/wp-json\/wp\/v2\/pages\/1716"}],"wp:attachment":[{"href":"https:\/\/filtertechnik.sk\/en\/wp-json\/wp\/v2\/media?parent=1719"}],"curies":[{"name":"wp","href":"https:\/\/api.w.org\/{rel}","templated":true}]}}