{"id":1551,"date":"2017-02-01T13:13:46","date_gmt":"2017-02-01T13:13:46","guid":{"rendered":"https:\/\/filtertechnik.sk\/fts\/"},"modified":"2026-03-03T12:14:38","modified_gmt":"2026-03-03T11:14:38","slug":"fts","status":"publish","type":"page","link":"https:\/\/filtertechnik.sk\/en\/","title":{"rendered":"FTS"},"content":{"rendered":"\n<h4 class=\"has-text-align-center title wp-block-heading\">Company Filter Technik Slovakia offers a&nbsp;complete filtration solution for the filtration of air, oil and industrial liquids, <br>based on certified technical analysis with detailed report.<\/h4>\n\n\n\n<p><\/p>\n","protected":false},"excerpt":{"rendered":"<p>Company Filter Technik Slovakia offers a&nbsp;complete filtration solution for the filtration of air, oil and industrial liquids, based on certified technical analysis with detailed report.<\/p>\n","protected":false},"author":1,"featured_media":0,"parent":0,"menu_order":0,"comment_status":"closed","ping_status":"open","template":"","meta":{"footnotes":""},"class_list":["post-1551","page","type-page","status-publish","hentry"],"yoast_head":"<!-- This site is optimized with the Yoast SEO plugin v25.7 - https:\/\/yoast.com\/wordpress\/plugins\/seo\/ -->\n<title>Filtration &#8226; Filter Technik Slovakia<\/title>\n<meta name=\"description\" content=\"Filter Technik Slovakia - Specialists in filters, filtration and diagnostics of oils. We offer a complete filtration solution for the filtration of air, oil and other liquids...\" \/>\n<meta name=\"robots\" content=\"index, follow, max-snippet:-1, max-image-preview:large, max-video-preview:-1\" \/>\n<link rel=\"canonical\" href=\"https:\/\/filtertechnik.sk\/en\/\" \/>\n<meta property=\"og:locale\" content=\"en_US\" \/>\n<meta property=\"og:type\" content=\"article\" \/>\n<meta property=\"og:title\" content=\"Filtration &#8226; Filter Technik Slovakia\" \/>\n<meta property=\"og:description\" content=\"Filter Technik Slovakia - Specialists in filters, filtration and diagnostics of oils. We offer a complete filtration solution for the filtration of air, oil and other liquids...\" \/>\n<meta property=\"og:url\" content=\"https:\/\/filtertechnik.sk\/en\/\" \/>\n<meta property=\"og:site_name\" content=\"Filter Technik Slovakia\" \/>\n<meta property=\"article:modified_time\" content=\"2026-03-03T11:14:38+00:00\" \/>\n<meta name=\"twitter:card\" content=\"summary_large_image\" \/>\n<meta name=\"twitter:label1\" content=\"Est. reading time\" \/>\n\t<meta name=\"twitter:data1\" content=\"1 minute\" \/>\n<script type=\"application\/ld+json\" class=\"yoast-schema-graph\">{\"@context\":\"https:\/\/schema.org\",\"@graph\":[{\"@type\":\"WebPage\",\"@id\":\"https:\/\/filtertechnik.sk\/en\/\",\"url\":\"https:\/\/filtertechnik.sk\/en\/\",\"name\":\"Filtration &#8226; Filter Technik Slovakia\",\"isPartOf\":{\"@id\":\"https:\/\/filtertechnik.sk\/en\/#website\"},\"datePublished\":\"2017-02-01T13:13:46+00:00\",\"dateModified\":\"2026-03-03T11:14:38+00:00\",\"description\":\"Filter Technik Slovakia - Specialists in filters, filtration and diagnostics of oils. We offer a complete filtration solution for the filtration of air, oil and other liquids...\",\"breadcrumb\":{\"@id\":\"https:\/\/filtertechnik.sk\/en\/#breadcrumb\"},\"inLanguage\":\"en-US\",\"potentialAction\":[{\"@type\":\"ReadAction\",\"target\":[\"https:\/\/filtertechnik.sk\/en\/\"]}]},{\"@type\":\"BreadcrumbList\",\"@id\":\"https:\/\/filtertechnik.sk\/en\/#breadcrumb\",\"itemListElement\":[{\"@type\":\"ListItem\",\"position\":1,\"name\":\"Home\",\"item\":\"https:\/\/filtertechnik.sk\/en\/\"},{\"@type\":\"ListItem\",\"position\":2,\"name\":\"FTS\"}]},{\"@type\":\"WebSite\",\"@id\":\"https:\/\/filtertechnik.sk\/en\/#website\",\"url\":\"https:\/\/filtertechnik.sk\/en\/\",\"name\":\"Filter Technik Slovakia\",\"description\":\"Va\u0161i \u0161pecialisti na filtre, filtr\u00e1ciu a diagnostiku olejov\",\"publisher\":{\"@id\":\"https:\/\/filtertechnik.sk\/en\/#organization\"},\"potentialAction\":[{\"@type\":\"SearchAction\",\"target\":{\"@type\":\"EntryPoint\",\"urlTemplate\":\"https:\/\/filtertechnik.sk\/en\/?s={search_term_string}\"},\"query-input\":{\"@type\":\"PropertyValueSpecification\",\"valueRequired\":true,\"valueName\":\"search_term_string\"}}],\"inLanguage\":\"en-US\"},{\"@type\":\"Organization\",\"@id\":\"https:\/\/filtertechnik.sk\/en\/#organization\",\"name\":\"Filter Technik Slovakia\",\"url\":\"https:\/\/filtertechnik.sk\/en\/\",\"logo\":{\"@type\":\"ImageObject\",\"inLanguage\":\"en-US\",\"@id\":\"https:\/\/filtertechnik.sk\/en\/#\/schema\/logo\/image\/\",\"url\":\"https:\/\/filtertechnik.sk\/wp-content\/uploads\/2019\/09\/fts-icon-180x180.png\",\"contentUrl\":\"https:\/\/filtertechnik.sk\/wp-content\/uploads\/2019\/09\/fts-icon-180x180.png\",\"width\":180,\"height\":180,\"caption\":\"Filter Technik Slovakia\"},\"image\":{\"@id\":\"https:\/\/filtertechnik.sk\/en\/#\/schema\/logo\/image\/\"}}]}<\/script>\n<!-- \/ Yoast SEO plugin. -->","yoast_head_json":{"title":"Filtration &#8226; Filter Technik Slovakia","description":"Filter Technik Slovakia - Specialists in filters, filtration and diagnostics of oils. We offer a complete filtration solution for the filtration of air, oil and other liquids...","robots":{"index":"index","follow":"follow","max-snippet":"max-snippet:-1","max-image-preview":"max-image-preview:large","max-video-preview":"max-video-preview:-1"},"canonical":"https:\/\/filtertechnik.sk\/en\/","og_locale":"en_US","og_type":"article","og_title":"Filtration &#8226; Filter Technik Slovakia","og_description":"Filter Technik Slovakia - Specialists in filters, filtration and diagnostics of oils. We offer a complete filtration solution for the filtration of air, oil and other liquids...","og_url":"https:\/\/filtertechnik.sk\/en\/","og_site_name":"Filter Technik Slovakia","article_modified_time":"2026-03-03T11:14:38+00:00","twitter_card":"summary_large_image","twitter_misc":{"Est. reading time":"1 minute"},"schema":{"@context":"https:\/\/schema.org","@graph":[{"@type":"WebPage","@id":"https:\/\/filtertechnik.sk\/en\/","url":"https:\/\/filtertechnik.sk\/en\/","name":"Filtration &#8226; Filter Technik Slovakia","isPartOf":{"@id":"https:\/\/filtertechnik.sk\/en\/#website"},"datePublished":"2017-02-01T13:13:46+00:00","dateModified":"2026-03-03T11:14:38+00:00","description":"Filter Technik Slovakia - Specialists in filters, filtration and diagnostics of oils. We offer a complete filtration solution for the filtration of air, oil and other liquids...","breadcrumb":{"@id":"https:\/\/filtertechnik.sk\/en\/#breadcrumb"},"inLanguage":"en-US","potentialAction":[{"@type":"ReadAction","target":["https:\/\/filtertechnik.sk\/en\/"]}]},{"@type":"BreadcrumbList","@id":"https:\/\/filtertechnik.sk\/en\/#breadcrumb","itemListElement":[{"@type":"ListItem","position":1,"name":"Home","item":"https:\/\/filtertechnik.sk\/en\/"},{"@type":"ListItem","position":2,"name":"FTS"}]},{"@type":"WebSite","@id":"https:\/\/filtertechnik.sk\/en\/#website","url":"https:\/\/filtertechnik.sk\/en\/","name":"Filter Technik Slovakia","description":"Va\u0161i \u0161pecialisti na filtre, filtr\u00e1ciu a diagnostiku olejov","publisher":{"@id":"https:\/\/filtertechnik.sk\/en\/#organization"},"potentialAction":[{"@type":"SearchAction","target":{"@type":"EntryPoint","urlTemplate":"https:\/\/filtertechnik.sk\/en\/?s={search_term_string}"},"query-input":{"@type":"PropertyValueSpecification","valueRequired":true,"valueName":"search_term_string"}}],"inLanguage":"en-US"},{"@type":"Organization","@id":"https:\/\/filtertechnik.sk\/en\/#organization","name":"Filter Technik Slovakia","url":"https:\/\/filtertechnik.sk\/en\/","logo":{"@type":"ImageObject","inLanguage":"en-US","@id":"https:\/\/filtertechnik.sk\/en\/#\/schema\/logo\/image\/","url":"https:\/\/filtertechnik.sk\/wp-content\/uploads\/2019\/09\/fts-icon-180x180.png","contentUrl":"https:\/\/filtertechnik.sk\/wp-content\/uploads\/2019\/09\/fts-icon-180x180.png","width":180,"height":180,"caption":"Filter Technik Slovakia"},"image":{"@id":"https:\/\/filtertechnik.sk\/en\/#\/schema\/logo\/image\/"}}]}},"_links":{"self":[{"href":"https:\/\/filtertechnik.sk\/en\/wp-json\/wp\/v2\/pages\/1551","targetHints":{"allow":["GET"]}}],"collection":[{"href":"https:\/\/filtertechnik.sk\/en\/wp-json\/wp\/v2\/pages"}],"about":[{"href":"https:\/\/filtertechnik.sk\/en\/wp-json\/wp\/v2\/types\/page"}],"author":[{"embeddable":true,"href":"https:\/\/filtertechnik.sk\/en\/wp-json\/wp\/v2\/users\/1"}],"replies":[{"embeddable":true,"href":"https:\/\/filtertechnik.sk\/en\/wp-json\/wp\/v2\/comments?post=1551"}],"version-history":[{"count":6,"href":"https:\/\/filtertechnik.sk\/en\/wp-json\/wp\/v2\/pages\/1551\/revisions"}],"predecessor-version":[{"id":1679,"href":"https:\/\/filtertechnik.sk\/en\/wp-json\/wp\/v2\/pages\/1551\/revisions\/1679"}],"wp:attachment":[{"href":"https:\/\/filtertechnik.sk\/en\/wp-json\/wp\/v2\/media?parent=1551"}],"curies":[{"name":"wp","href":"https:\/\/api.w.org\/{rel}","templated":true}]}}